{"id":844,"date":"2023-08-15T21:58:09","date_gmt":"2023-08-15T21:58:09","guid":{"rendered":"https:\/\/sofiagreff.com\/?page_id=844"},"modified":"2023-08-15T21:58:09","modified_gmt":"2023-08-15T21:58:09","slug":"wohnprojekt","status":"publish","type":"page","link":"https:\/\/sofiagreff.com\/?page_id=844","title":{"rendered":"Wohnprojekt"},"content":{"rendered":"\n<p>Wohnen, zeichnen und ausstellen in zw\u00f6lf verschiedenen Wohnungen innerhalb Deutschlands, (Aschaffenburg, Frankfurt, Mainz, Hamburg, Regensburg, W\u00fcrzburg, G\u00f6ppingen&#8230;), 2003<\/p>\n\n\n\n<figure class=\"wp-block-gallery has-nested-images columns-default is-cropped wp-block-gallery-1 is-layout-flex wp-block-gallery-is-layout-flex\">\n<figure class=\"wp-block-image size-large\"><a href=\"https:\/\/sofiagreff.com\/wp-content\/uploads\/2023\/08\/Diane_Wohnprj_2.jpg\"><img loading=\"lazy\" decoding=\"async\" width=\"974\" height=\"970\" data-id=\"851\" src=\"https:\/\/sofiagreff.com\/wp-content\/uploads\/2023\/08\/Diane_Wohnprj_2.jpg\" alt=\"\" class=\"wp-image-851\" srcset=\"https:\/\/sofiagreff.com\/wp-content\/uploads\/2023\/08\/Diane_Wohnprj_2.jpg 974w, https:\/\/sofiagreff.com\/wp-content\/uploads\/2023\/08\/Diane_Wohnprj_2-300x300.jpg 300w, https:\/\/sofiagreff.com\/wp-content\/uploads\/2023\/08\/Diane_Wohnprj_2-150x150.jpg 150w, https:\/\/sofiagreff.com\/wp-content\/uploads\/2023\/08\/Diane_Wohnprj_2-768x765.jpg 768w, https:\/\/sofiagreff.com\/wp-content\/uploads\/2023\/08\/Diane_Wohnprj_2-100x100.jpg 100w\" sizes=\"auto, (max-width: 706px) 89vw, (max-width: 767px) 82vw, 740px\" \/><\/a><\/figure>\n\n\n\n<figure class=\"wp-block-image size-large\"><a href=\"https:\/\/sofiagreff.com\/wp-content\/uploads\/2023\/08\/Christi_Wohnprj_1.jpg\"><img loading=\"lazy\" decoding=\"async\" width=\"718\" height=\"1024\" data-id=\"854\" src=\"https:\/\/sofiagreff.com\/wp-content\/uploads\/2023\/08\/Christi_Wohnprj_1-718x1024.jpg\" alt=\"\" class=\"wp-image-854\" srcset=\"https:\/\/sofiagreff.com\/wp-content\/uploads\/2023\/08\/Christi_Wohnprj_1-718x1024.jpg 718w, https:\/\/sofiagreff.com\/wp-content\/uploads\/2023\/08\/Christi_Wohnprj_1-210x300.jpg 210w, https:\/\/sofiagreff.com\/wp-content\/uploads\/2023\/08\/Christi_Wohnprj_1-768x1095.jpg 768w, https:\/\/sofiagreff.com\/wp-content\/uploads\/2023\/08\/Christi_Wohnprj_1-1078x1536.jpg 1078w, https:\/\/sofiagreff.com\/wp-content\/uploads\/2023\/08\/Christi_Wohnprj_1.jpg 1161w\" sizes=\"auto, (max-width: 718px) 100vw, 718px\" \/><\/a><\/figure>\n\n\n\n<figure class=\"wp-block-image size-large\"><a href=\"https:\/\/sofiagreff.com\/wp-content\/uploads\/2023\/08\/Dresd_Wohnprj_1.jpg\"><img loading=\"lazy\" decoding=\"async\" width=\"731\" height=\"1024\" data-id=\"850\" src=\"https:\/\/sofiagreff.com\/wp-content\/uploads\/2023\/08\/Dresd_Wohnprj_1-731x1024.jpg\" alt=\"\" class=\"wp-image-850\" srcset=\"https:\/\/sofiagreff.com\/wp-content\/uploads\/2023\/08\/Dresd_Wohnprj_1-731x1024.jpg 731w, https:\/\/sofiagreff.com\/wp-content\/uploads\/2023\/08\/Dresd_Wohnprj_1-214x300.jpg 214w, https:\/\/sofiagreff.com\/wp-content\/uploads\/2023\/08\/Dresd_Wohnprj_1-768x1076.jpg 768w, https:\/\/sofiagreff.com\/wp-content\/uploads\/2023\/08\/Dresd_Wohnprj_1-1096x1536.jpg 1096w, https:\/\/sofiagreff.com\/wp-content\/uploads\/2023\/08\/Dresd_Wohnprj_1.jpg 1229w\" sizes=\"auto, (max-width: 731px) 100vw, 731px\" \/><\/a><\/figure>\n\n\n\n<figure class=\"wp-block-image size-large\"><a href=\"https:\/\/sofiagreff.com\/wp-content\/uploads\/2023\/08\/Dresd_Wohnprj_4.jpg\"><img loading=\"lazy\" decoding=\"async\" width=\"567\" height=\"869\" data-id=\"847\" src=\"https:\/\/sofiagreff.com\/wp-content\/uploads\/2023\/08\/Dresd_Wohnprj_4.jpg\" alt=\"\" class=\"wp-image-847\" srcset=\"https:\/\/sofiagreff.com\/wp-content\/uploads\/2023\/08\/Dresd_Wohnprj_4.jpg 567w, https:\/\/sofiagreff.com\/wp-content\/uploads\/2023\/08\/Dresd_Wohnprj_4-196x300.jpg 196w\" sizes=\"auto, (max-width: 567px) 100vw, 567px\" \/><\/a><\/figure>\n\n\n\n<figure class=\"wp-block-image size-large\"><a href=\"https:\/\/sofiagreff.com\/wp-content\/uploads\/2023\/08\/Dresd_Wohnprj_7.jpg\"><img loading=\"lazy\" decoding=\"async\" width=\"695\" height=\"1024\" data-id=\"849\" src=\"https:\/\/sofiagreff.com\/wp-content\/uploads\/2023\/08\/Dresd_Wohnprj_7-695x1024.jpg\" alt=\"\" class=\"wp-image-849\" srcset=\"https:\/\/sofiagreff.com\/wp-content\/uploads\/2023\/08\/Dresd_Wohnprj_7-695x1024.jpg 695w, https:\/\/sofiagreff.com\/wp-content\/uploads\/2023\/08\/Dresd_Wohnprj_7-204x300.jpg 204w, https:\/\/sofiagreff.com\/wp-content\/uploads\/2023\/08\/Dresd_Wohnprj_7-768x1131.jpg 768w, https:\/\/sofiagreff.com\/wp-content\/uploads\/2023\/08\/Dresd_Wohnprj_7.jpg 851w\" sizes=\"auto, (max-width: 695px) 100vw, 695px\" \/><\/a><\/figure>\n\n\n\n<figure class=\"wp-block-image size-large\"><a href=\"https:\/\/sofiagreff.com\/wp-content\/uploads\/2023\/08\/GOEPP_03rgb-1-896x1024-1.jpg\"><img loading=\"lazy\" decoding=\"async\" width=\"896\" height=\"1024\" data-id=\"848\" src=\"https:\/\/sofiagreff.com\/wp-content\/uploads\/2023\/08\/GOEPP_03rgb-1-896x1024-1.jpg\" alt=\"\" class=\"wp-image-848\" srcset=\"https:\/\/sofiagreff.com\/wp-content\/uploads\/2023\/08\/GOEPP_03rgb-1-896x1024-1.jpg 896w, https:\/\/sofiagreff.com\/wp-content\/uploads\/2023\/08\/GOEPP_03rgb-1-896x1024-1-263x300.jpg 263w, https:\/\/sofiagreff.com\/wp-content\/uploads\/2023\/08\/GOEPP_03rgb-1-896x1024-1-768x878.jpg 768w\" sizes=\"auto, (max-width: 706px) 89vw, (max-width: 767px) 82vw, 740px\" \/><\/a><\/figure>\n\n\n\n<figure class=\"wp-block-image size-large\"><a href=\"https:\/\/sofiagreff.com\/wp-content\/uploads\/2023\/08\/Lampe_-Zeichnung-auf-Papier_-105x75cm_-2004-1.jpg\"><img loading=\"lazy\" decoding=\"async\" width=\"719\" height=\"1024\" data-id=\"857\" src=\"https:\/\/sofiagreff.com\/wp-content\/uploads\/2023\/08\/Lampe_-Zeichnung-auf-Papier_-105x75cm_-2004-1-719x1024.jpg\" alt=\"\" class=\"wp-image-857\" srcset=\"https:\/\/sofiagreff.com\/wp-content\/uploads\/2023\/08\/Lampe_-Zeichnung-auf-Papier_-105x75cm_-2004-1-719x1024.jpg 719w, https:\/\/sofiagreff.com\/wp-content\/uploads\/2023\/08\/Lampe_-Zeichnung-auf-Papier_-105x75cm_-2004-1-211x300.jpg 211w, https:\/\/sofiagreff.com\/wp-content\/uploads\/2023\/08\/Lampe_-Zeichnung-auf-Papier_-105x75cm_-2004-1-768x1094.jpg 768w, https:\/\/sofiagreff.com\/wp-content\/uploads\/2023\/08\/Lampe_-Zeichnung-auf-Papier_-105x75cm_-2004-1-1078x1536.jpg 1078w, https:\/\/sofiagreff.com\/wp-content\/uploads\/2023\/08\/Lampe_-Zeichnung-auf-Papier_-105x75cm_-2004-1-1438x2048.jpg 1438w, https:\/\/sofiagreff.com\/wp-content\/uploads\/2023\/08\/Lampe_-Zeichnung-auf-Papier_-105x75cm_-2004-1.jpg 1658w\" sizes=\"auto, (max-width: 719px) 100vw, 719px\" \/><\/a><\/figure>\n\n\n\n<figure class=\"wp-block-image size-large\"><a href=\"https:\/\/sofiagreff.com\/wp-content\/uploads\/2023\/08\/Maja_Wohnprj_1.jpg\"><img loading=\"lazy\" decoding=\"async\" width=\"979\" height=\"972\" data-id=\"855\" src=\"https:\/\/sofiagreff.com\/wp-content\/uploads\/2023\/08\/Maja_Wohnprj_1.jpg\" alt=\"\" class=\"wp-image-855\" srcset=\"https:\/\/sofiagreff.com\/wp-content\/uploads\/2023\/08\/Maja_Wohnprj_1.jpg 979w, https:\/\/sofiagreff.com\/wp-content\/uploads\/2023\/08\/Maja_Wohnprj_1-300x298.jpg 300w, https:\/\/sofiagreff.com\/wp-content\/uploads\/2023\/08\/Maja_Wohnprj_1-150x150.jpg 150w, https:\/\/sofiagreff.com\/wp-content\/uploads\/2023\/08\/Maja_Wohnprj_1-768x763.jpg 768w, https:\/\/sofiagreff.com\/wp-content\/uploads\/2023\/08\/Maja_Wohnprj_1-100x100.jpg 100w\" sizes=\"auto, (max-width: 706px) 89vw, (max-width: 767px) 82vw, 740px\" \/><\/a><\/figure>\n\n\n\n<figure class=\"wp-block-image size-large\"><a href=\"https:\/\/sofiagreff.com\/wp-content\/uploads\/2023\/08\/MrkusWohnprj.jpg\"><img loading=\"lazy\" decoding=\"async\" width=\"750\" height=\"1024\" data-id=\"856\" src=\"https:\/\/sofiagreff.com\/wp-content\/uploads\/2023\/08\/MrkusWohnprj-750x1024.jpg\" alt=\"\" class=\"wp-image-856\" srcset=\"https:\/\/sofiagreff.com\/wp-content\/uploads\/2023\/08\/MrkusWohnprj-750x1024.jpg 750w, https:\/\/sofiagreff.com\/wp-content\/uploads\/2023\/08\/MrkusWohnprj-220x300.jpg 220w, https:\/\/sofiagreff.com\/wp-content\/uploads\/2023\/08\/MrkusWohnprj-768x1049.jpg 768w, https:\/\/sofiagreff.com\/wp-content\/uploads\/2023\/08\/MrkusWohnprj-1125x1536.jpg 1125w, https:\/\/sofiagreff.com\/wp-content\/uploads\/2023\/08\/MrkusWohnprj.jpg 1226w\" sizes=\"auto, (max-width: 706px) 89vw, (max-width: 767px) 82vw, 740px\" \/><\/a><\/figure>\n\n\n\n<figure class=\"wp-block-image size-large\"><a href=\"https:\/\/sofiagreff.com\/wp-content\/uploads\/2023\/08\/Albertshausen01-1.jpg\"><img loading=\"lazy\" decoding=\"async\" width=\"1024\" height=\"768\" data-id=\"853\" src=\"https:\/\/sofiagreff.com\/wp-content\/uploads\/2023\/08\/Albertshausen01-1-1024x768.jpg\" alt=\"\" class=\"wp-image-853\" srcset=\"https:\/\/sofiagreff.com\/wp-content\/uploads\/2023\/08\/Albertshausen01-1-1024x768.jpg 1024w, https:\/\/sofiagreff.com\/wp-content\/uploads\/2023\/08\/Albertshausen01-1-300x225.jpg 300w, https:\/\/sofiagreff.com\/wp-content\/uploads\/2023\/08\/Albertshausen01-1-768x576.jpg 768w, https:\/\/sofiagreff.com\/wp-content\/uploads\/2023\/08\/Albertshausen01-1-1536x1152.jpg 1536w, https:\/\/sofiagreff.com\/wp-content\/uploads\/2023\/08\/Albertshausen01-1.jpg 1600w\" sizes=\"auto, (max-width: 706px) 89vw, (max-width: 767px) 82vw, 740px\" \/><\/a><\/figure>\n\n\n\n<figure class=\"wp-block-image size-large\"><a href=\"https:\/\/sofiagreff.com\/wp-content\/uploads\/2023\/08\/Img_1070-1024x768-1.jpg\"><img loading=\"lazy\" decoding=\"async\" width=\"1024\" height=\"768\" data-id=\"852\" src=\"https:\/\/sofiagreff.com\/wp-content\/uploads\/2023\/08\/Img_1070-1024x768-1.jpg\" alt=\"\" class=\"wp-image-852\" srcset=\"https:\/\/sofiagreff.com\/wp-content\/uploads\/2023\/08\/Img_1070-1024x768-1.jpg 1024w, https:\/\/sofiagreff.com\/wp-content\/uploads\/2023\/08\/Img_1070-1024x768-1-300x225.jpg 300w, https:\/\/sofiagreff.com\/wp-content\/uploads\/2023\/08\/Img_1070-1024x768-1-768x576.jpg 768w\" sizes=\"auto, (max-width: 706px) 89vw, (max-width: 767px) 82vw, 740px\" \/><\/a><\/figure>\n\n\n\n<figure class=\"wp-block-image size-large\"><a href=\"https:\/\/sofiagreff.com\/wp-content\/uploads\/2023\/08\/O-1.T.-2-Hunde_.jpg\"><img loading=\"lazy\" decoding=\"async\" width=\"750\" height=\"1024\" data-id=\"861\" src=\"https:\/\/sofiagreff.com\/wp-content\/uploads\/2023\/08\/O-1.T.-2-Hunde_-750x1024.jpg\" alt=\"\" class=\"wp-image-861\" srcset=\"https:\/\/sofiagreff.com\/wp-content\/uploads\/2023\/08\/O-1.T.-2-Hunde_-750x1024.jpg 750w, https:\/\/sofiagreff.com\/wp-content\/uploads\/2023\/08\/O-1.T.-2-Hunde_-220x300.jpg 220w, https:\/\/sofiagreff.com\/wp-content\/uploads\/2023\/08\/O-1.T.-2-Hunde_-768x1049.jpg 768w, https:\/\/sofiagreff.com\/wp-content\/uploads\/2023\/08\/O-1.T.-2-Hunde_-1125x1536.jpg 1125w, https:\/\/sofiagreff.com\/wp-content\/uploads\/2023\/08\/O-1.T.-2-Hunde_-1500x2048.jpg 1500w, https:\/\/sofiagreff.com\/wp-content\/uploads\/2023\/08\/O-1.T.-2-Hunde_.jpg 1730w\" sizes=\"auto, (max-width: 706px) 89vw, (max-width: 767px) 82vw, 740px\" \/><\/a><\/figure>\n\n\n\n<figure class=\"wp-block-image size-large\"><a href=\"https:\/\/sofiagreff.com\/wp-content\/uploads\/2023\/08\/O-1.T.-6-Koepfe_-Zeichnung_-21x145cm.jpg\"><img loading=\"lazy\" decoding=\"async\" width=\"758\" height=\"1024\" data-id=\"862\" src=\"https:\/\/sofiagreff.com\/wp-content\/uploads\/2023\/08\/O-1.T.-6-Koepfe_-Zeichnung_-21x145cm-758x1024.jpg\" alt=\"\" class=\"wp-image-862\" srcset=\"https:\/\/sofiagreff.com\/wp-content\/uploads\/2023\/08\/O-1.T.-6-Koepfe_-Zeichnung_-21x145cm-758x1024.jpg 758w, https:\/\/sofiagreff.com\/wp-content\/uploads\/2023\/08\/O-1.T.-6-Koepfe_-Zeichnung_-21x145cm-222x300.jpg 222w, https:\/\/sofiagreff.com\/wp-content\/uploads\/2023\/08\/O-1.T.-6-Koepfe_-Zeichnung_-21x145cm-768x1038.jpg 768w, https:\/\/sofiagreff.com\/wp-content\/uploads\/2023\/08\/O-1.T.-6-Koepfe_-Zeichnung_-21x145cm-1137x1536.jpg 1137w, https:\/\/sofiagreff.com\/wp-content\/uploads\/2023\/08\/O-1.T.-6-Koepfe_-Zeichnung_-21x145cm-1516x2048.jpg 1516w, https:\/\/sofiagreff.com\/wp-content\/uploads\/2023\/08\/O-1.T.-6-Koepfe_-Zeichnung_-21x145cm.jpg 1748w\" sizes=\"auto, (max-width: 706px) 89vw, (max-width: 767px) 82vw, 740px\" \/><\/a><\/figure>\n\n\n\n<figure class=\"wp-block-image size-large\"><a href=\"https:\/\/sofiagreff.com\/wp-content\/uploads\/2023\/08\/O-1.T.-Maenner-mit-Bart_-Zeichnung_-15x11cm-1568x2157-1.jpg\"><img loading=\"lazy\" decoding=\"async\" width=\"744\" height=\"1024\" data-id=\"858\" src=\"https:\/\/sofiagreff.com\/wp-content\/uploads\/2023\/08\/O-1.T.-Maenner-mit-Bart_-Zeichnung_-15x11cm-1568x2157-1-744x1024.jpg\" alt=\"\" class=\"wp-image-858\" srcset=\"https:\/\/sofiagreff.com\/wp-content\/uploads\/2023\/08\/O-1.T.-Maenner-mit-Bart_-Zeichnung_-15x11cm-1568x2157-1-744x1024.jpg 744w, https:\/\/sofiagreff.com\/wp-content\/uploads\/2023\/08\/O-1.T.-Maenner-mit-Bart_-Zeichnung_-15x11cm-1568x2157-1-218x300.jpg 218w, https:\/\/sofiagreff.com\/wp-content\/uploads\/2023\/08\/O-1.T.-Maenner-mit-Bart_-Zeichnung_-15x11cm-1568x2157-1-768x1056.jpg 768w, https:\/\/sofiagreff.com\/wp-content\/uploads\/2023\/08\/O-1.T.-Maenner-mit-Bart_-Zeichnung_-15x11cm-1568x2157-1-1117x1536.jpg 1117w, https:\/\/sofiagreff.com\/wp-content\/uploads\/2023\/08\/O-1.T.-Maenner-mit-Bart_-Zeichnung_-15x11cm-1568x2157-1-1489x2048.jpg 1489w, https:\/\/sofiagreff.com\/wp-content\/uploads\/2023\/08\/O-1.T.-Maenner-mit-Bart_-Zeichnung_-15x11cm-1568x2157-1.jpg 1568w\" sizes=\"auto, (max-width: 706px) 89vw, (max-width: 767px) 82vw, 740px\" \/><\/a><\/figure>\n\n\n\n<figure class=\"wp-block-image size-large\"><a href=\"https:\/\/sofiagreff.com\/wp-content\/uploads\/2023\/08\/O-1.T.-Mann-und-Frau_-Zeichnung_-14x14cm-1007x1024-1.jpg\"><img loading=\"lazy\" decoding=\"async\" width=\"1007\" height=\"1024\" data-id=\"859\" src=\"https:\/\/sofiagreff.com\/wp-content\/uploads\/2023\/08\/O-1.T.-Mann-und-Frau_-Zeichnung_-14x14cm-1007x1024-1.jpg\" alt=\"\" class=\"wp-image-859\" srcset=\"https:\/\/sofiagreff.com\/wp-content\/uploads\/2023\/08\/O-1.T.-Mann-und-Frau_-Zeichnung_-14x14cm-1007x1024-1.jpg 1007w, https:\/\/sofiagreff.com\/wp-content\/uploads\/2023\/08\/O-1.T.-Mann-und-Frau_-Zeichnung_-14x14cm-1007x1024-1-295x300.jpg 295w, https:\/\/sofiagreff.com\/wp-content\/uploads\/2023\/08\/O-1.T.-Mann-und-Frau_-Zeichnung_-14x14cm-1007x1024-1-768x781.jpg 768w\" sizes=\"auto, (max-width: 706px) 89vw, (max-width: 767px) 82vw, 740px\" \/><\/a><\/figure>\n\n\n\n<figure class=\"wp-block-image size-large\"><a href=\"https:\/\/sofiagreff.com\/wp-content\/uploads\/2023\/08\/O-1.T.-Mann2-Hunde_-Zeichnung_-14x14cm-1024x1024-1.jpg\"><img loading=\"lazy\" decoding=\"async\" width=\"1024\" height=\"1024\" data-id=\"863\" src=\"https:\/\/sofiagreff.com\/wp-content\/uploads\/2023\/08\/O-1.T.-Mann2-Hunde_-Zeichnung_-14x14cm-1024x1024-1.jpg\" alt=\"\" class=\"wp-image-863\" srcset=\"https:\/\/sofiagreff.com\/wp-content\/uploads\/2023\/08\/O-1.T.-Mann2-Hunde_-Zeichnung_-14x14cm-1024x1024-1.jpg 1024w, https:\/\/sofiagreff.com\/wp-content\/uploads\/2023\/08\/O-1.T.-Mann2-Hunde_-Zeichnung_-14x14cm-1024x1024-1-300x300.jpg 300w, https:\/\/sofiagreff.com\/wp-content\/uploads\/2023\/08\/O-1.T.-Mann2-Hunde_-Zeichnung_-14x14cm-1024x1024-1-150x150.jpg 150w, https:\/\/sofiagreff.com\/wp-content\/uploads\/2023\/08\/O-1.T.-Mann2-Hunde_-Zeichnung_-14x14cm-1024x1024-1-768x768.jpg 768w, https:\/\/sofiagreff.com\/wp-content\/uploads\/2023\/08\/O-1.T.-Mann2-Hunde_-Zeichnung_-14x14cm-1024x1024-1-100x100.jpg 100w\" sizes=\"auto, (max-width: 706px) 89vw, (max-width: 767px) 82vw, 740px\" \/><\/a><\/figure>\n\n\n\n<figure class=\"wp-block-image size-large\"><a href=\"https:\/\/sofiagreff.com\/wp-content\/uploads\/2023\/08\/O-1.T.-Menschen-wartend_-Zeichnung_-14x14cm-1010x1024-1.jpg\"><img loading=\"lazy\" decoding=\"async\" width=\"1010\" height=\"1024\" data-id=\"864\" src=\"https:\/\/sofiagreff.com\/wp-content\/uploads\/2023\/08\/O-1.T.-Menschen-wartend_-Zeichnung_-14x14cm-1010x1024-1.jpg\" alt=\"\" class=\"wp-image-864\" srcset=\"https:\/\/sofiagreff.com\/wp-content\/uploads\/2023\/08\/O-1.T.-Menschen-wartend_-Zeichnung_-14x14cm-1010x1024-1.jpg 1010w, https:\/\/sofiagreff.com\/wp-content\/uploads\/2023\/08\/O-1.T.-Menschen-wartend_-Zeichnung_-14x14cm-1010x1024-1-296x300.jpg 296w, https:\/\/sofiagreff.com\/wp-content\/uploads\/2023\/08\/O-1.T.-Menschen-wartend_-Zeichnung_-14x14cm-1010x1024-1-768x779.jpg 768w, https:\/\/sofiagreff.com\/wp-content\/uploads\/2023\/08\/O-1.T.-Menschen-wartend_-Zeichnung_-14x14cm-1010x1024-1-100x100.jpg 100w\" sizes=\"auto, (max-width: 706px) 89vw, (max-width: 767px) 82vw, 740px\" \/><\/a><\/figure>\n\n\n\n<figure class=\"wp-block-image size-large\"><a href=\"https:\/\/sofiagreff.com\/wp-content\/uploads\/2023\/08\/O-1.T.-Spuele_-Zeichnung_-14x19cm-1024x755-1.jpg\"><img loading=\"lazy\" decoding=\"async\" width=\"1024\" height=\"755\" data-id=\"865\" src=\"https:\/\/sofiagreff.com\/wp-content\/uploads\/2023\/08\/O-1.T.-Spuele_-Zeichnung_-14x19cm-1024x755-1.jpg\" alt=\"\" class=\"wp-image-865\" srcset=\"https:\/\/sofiagreff.com\/wp-content\/uploads\/2023\/08\/O-1.T.-Spuele_-Zeichnung_-14x19cm-1024x755-1.jpg 1024w, https:\/\/sofiagreff.com\/wp-content\/uploads\/2023\/08\/O-1.T.-Spuele_-Zeichnung_-14x19cm-1024x755-1-300x221.jpg 300w, https:\/\/sofiagreff.com\/wp-content\/uploads\/2023\/08\/O-1.T.-Spuele_-Zeichnung_-14x19cm-1024x755-1-768x566.jpg 768w\" sizes=\"auto, (max-width: 706px) 89vw, (max-width: 767px) 82vw, 740px\" \/><\/a><\/figure>\n\n\n\n<figure class=\"wp-block-image size-large\"><a href=\"https:\/\/sofiagreff.com\/wp-content\/uploads\/2023\/08\/O.T.-Kleiderstaender_-Zeichnung_-13x10cm-1.jpg\"><img loading=\"lazy\" decoding=\"async\" width=\"788\" height=\"1024\" data-id=\"872\" src=\"https:\/\/sofiagreff.com\/wp-content\/uploads\/2023\/08\/O.T.-Kleiderstaender_-Zeichnung_-13x10cm-1-788x1024.jpg\" alt=\"\" class=\"wp-image-872\" srcset=\"https:\/\/sofiagreff.com\/wp-content\/uploads\/2023\/08\/O.T.-Kleiderstaender_-Zeichnung_-13x10cm-1-788x1024.jpg 788w, https:\/\/sofiagreff.com\/wp-content\/uploads\/2023\/08\/O.T.-Kleiderstaender_-Zeichnung_-13x10cm-1-231x300.jpg 231w, https:\/\/sofiagreff.com\/wp-content\/uploads\/2023\/08\/O.T.-Kleiderstaender_-Zeichnung_-13x10cm-1-768x998.jpg 768w, https:\/\/sofiagreff.com\/wp-content\/uploads\/2023\/08\/O.T.-Kleiderstaender_-Zeichnung_-13x10cm-1-1182x1536.jpg 1182w, https:\/\/sofiagreff.com\/wp-content\/uploads\/2023\/08\/O.T.-Kleiderstaender_-Zeichnung_-13x10cm-1-1576x2048.jpg 1576w, https:\/\/sofiagreff.com\/wp-content\/uploads\/2023\/08\/O.T.-Kleiderstaender_-Zeichnung_-13x10cm-1.jpg 1818w\" sizes=\"auto, (max-width: 706px) 89vw, (max-width: 767px) 82vw, 740px\" \/><\/a><\/figure>\n\n\n\n<figure class=\"wp-block-image size-large\"><a href=\"https:\/\/sofiagreff.com\/wp-content\/uploads\/2023\/08\/O.T.-Maenner-mit-Bart_-Zeichnung_-15x11cm-1568x2157-1.jpg\"><img loading=\"lazy\" decoding=\"async\" width=\"744\" height=\"1024\" data-id=\"868\" src=\"https:\/\/sofiagreff.com\/wp-content\/uploads\/2023\/08\/O.T.-Maenner-mit-Bart_-Zeichnung_-15x11cm-1568x2157-1-744x1024.jpg\" alt=\"\" class=\"wp-image-868\" srcset=\"https:\/\/sofiagreff.com\/wp-content\/uploads\/2023\/08\/O.T.-Maenner-mit-Bart_-Zeichnung_-15x11cm-1568x2157-1-744x1024.jpg 744w, https:\/\/sofiagreff.com\/wp-content\/uploads\/2023\/08\/O.T.-Maenner-mit-Bart_-Zeichnung_-15x11cm-1568x2157-1-218x300.jpg 218w, https:\/\/sofiagreff.com\/wp-content\/uploads\/2023\/08\/O.T.-Maenner-mit-Bart_-Zeichnung_-15x11cm-1568x2157-1-768x1056.jpg 768w, https:\/\/sofiagreff.com\/wp-content\/uploads\/2023\/08\/O.T.-Maenner-mit-Bart_-Zeichnung_-15x11cm-1568x2157-1-1117x1536.jpg 1117w, https:\/\/sofiagreff.com\/wp-content\/uploads\/2023\/08\/O.T.-Maenner-mit-Bart_-Zeichnung_-15x11cm-1568x2157-1-1489x2048.jpg 1489w, https:\/\/sofiagreff.com\/wp-content\/uploads\/2023\/08\/O.T.-Maenner-mit-Bart_-Zeichnung_-15x11cm-1568x2157-1.jpg 1568w\" sizes=\"auto, (max-width: 706px) 89vw, (max-width: 767px) 82vw, 740px\" \/><\/a><\/figure>\n\n\n\n<figure class=\"wp-block-image size-large\"><a href=\"https:\/\/sofiagreff.com\/wp-content\/uploads\/2023\/08\/Staedel_Wohnprj_6.jpg\"><img loading=\"lazy\" decoding=\"async\" width=\"658\" height=\"1024\" data-id=\"874\" src=\"https:\/\/sofiagreff.com\/wp-content\/uploads\/2023\/08\/Staedel_Wohnprj_6-658x1024.jpg\" alt=\"\" class=\"wp-image-874\" srcset=\"https:\/\/sofiagreff.com\/wp-content\/uploads\/2023\/08\/Staedel_Wohnprj_6-658x1024.jpg 658w, https:\/\/sofiagreff.com\/wp-content\/uploads\/2023\/08\/Staedel_Wohnprj_6-193x300.jpg 193w, https:\/\/sofiagreff.com\/wp-content\/uploads\/2023\/08\/Staedel_Wohnprj_6.jpg 718w\" sizes=\"auto, (max-width: 658px) 100vw, 658px\" \/><\/a><\/figure>\n\n\n\n<figure class=\"wp-block-image size-large\"><a href=\"https:\/\/sofiagreff.com\/wp-content\/uploads\/2023\/08\/109-0924_IMG-1024x768-1.jpg\"><img loading=\"lazy\" decoding=\"async\" width=\"1024\" height=\"768\" data-id=\"845\" src=\"https:\/\/sofiagreff.com\/wp-content\/uploads\/2023\/08\/109-0924_IMG-1024x768-1.jpg\" alt=\"\" class=\"wp-image-845\" srcset=\"https:\/\/sofiagreff.com\/wp-content\/uploads\/2023\/08\/109-0924_IMG-1024x768-1.jpg 1024w, https:\/\/sofiagreff.com\/wp-content\/uploads\/2023\/08\/109-0924_IMG-1024x768-1-300x225.jpg 300w, https:\/\/sofiagreff.com\/wp-content\/uploads\/2023\/08\/109-0924_IMG-1024x768-1-768x576.jpg 768w\" sizes=\"auto, (max-width: 706px) 89vw, (max-width: 767px) 82vw, 740px\" \/><\/a><\/figure>\n<\/figure>\n","protected":false},"excerpt":{"rendered":"<p>Wohnen, zeichnen und ausstellen in zw\u00f6lf verschiedenen Wohnungen innerhalb Deutschlands, (Aschaffenburg, Frankfurt, Mainz, Hamburg, Regensburg, W\u00fcrzburg, G\u00f6ppingen&#8230;), 2003<\/p>\n","protected":false},"author":1,"featured_media":0,"parent":0,"menu_order":0,"comment_status":"closed","ping_status":"closed","template":"","meta":{"footnotes":""},"class_list":["post-844","page","type-page","status-publish","hentry"],"_links":{"self":[{"href":"https:\/\/sofiagreff.com\/index.php?rest_route=\/wp\/v2\/pages\/844","targetHints":{"allow":["GET"]}}],"collection":[{"href":"https:\/\/sofiagreff.com\/index.php?rest_route=\/wp\/v2\/pages"}],"about":[{"href":"https:\/\/sofiagreff.com\/index.php?rest_route=\/wp\/v2\/types\/page"}],"author":[{"embeddable":true,"href":"https:\/\/sofiagreff.com\/index.php?rest_route=\/wp\/v2\/users\/1"}],"replies":[{"embeddable":true,"href":"https:\/\/sofiagreff.com\/index.php?rest_route=%2Fwp%2Fv2%2Fcomments&post=844"}],"version-history":[{"count":1,"href":"https:\/\/sofiagreff.com\/index.php?rest_route=\/wp\/v2\/pages\/844\/revisions"}],"predecessor-version":[{"id":875,"href":"https:\/\/sofiagreff.com\/index.php?rest_route=\/wp\/v2\/pages\/844\/revisions\/875"}],"wp:attachment":[{"href":"https:\/\/sofiagreff.com\/index.php?rest_route=%2Fwp%2Fv2%2Fmedia&parent=844"}],"curies":[{"name":"wp","href":"https:\/\/api.w.org\/{rel}","templated":true}]}}