{"id":590,"date":"2023-08-14T08:57:13","date_gmt":"2023-08-14T08:57:13","guid":{"rendered":"https:\/\/sofiagreff.com\/?page_id=590"},"modified":"2023-08-18T21:21:30","modified_gmt":"2023-08-18T21:21:30","slug":"works","status":"publish","type":"page","link":"https:\/\/sofiagreff.com\/","title":{"rendered":"WORK"},"content":{"rendered":"\n<p><\/p>\n\n\n<p><b>Sofia Greff &#8211; <\/b><b>Visual Performance Artist<\/b><\/p>\n<p>Poesie der absurden Allt\u00e4glichkeit<\/p>\n<p>Aus Neugier und Faszination dar\u00fcber, wie die Erscheinungen der allt\u00e4glichen Dinge sich je nach Verh\u00e4ltnissen ver\u00e4ndern, bilde ich die dadurch entstandenen Widerspr\u00fcche und Irritationen in meinen Arbeiten ab.<\/p>\n<p>Diese aus dem Zusammenhang geratenen Situationen, k\u00f6nnen sich in <a href=\"https:\/\/sofiagreff.com\/?page_id=117\">Zeichnungen<\/a>, <a href=\"https:\/\/sofiagreff.com\/?page_id=118\">Performances<\/a>, <a href=\"https:\/\/sofiagreff.com\/?page_id=116\">Installationen<\/a>, und <a href=\"https:\/\/sofiagreff.com\/?page_id=119\">Collagen<\/a>, manifestieren.<\/p>\n<p>In erforschender und improvisierenden Herangehensweise, nutze ich das Gegebene, wie meinen K\u00f6rper, den Raum, die Zeit, die Stimmungen und vorhandene Gegenst\u00e4nde um lebendige Bilder zu erschaffen. Insofern muss meine Arbeit direkt im Verh\u00e4ltnis zu meinem physischen und emotionellen Dasein betrachtet werden. Wahrnehmung, Empfinden und Verfassung finden durch die situationsbedingte Orientierung, an jedem Ort ein neues Bild, einen neuen Ausdruck und ein neues Begreifen.<\/p>\n\n\n<div style=\"height:86px\" aria-hidden=\"true\" class=\"wp-block-spacer\"><\/div>\n\n\n<p><a href=\"https:\/\/sofiagreff.com\/?page_id=117\">ZEICHNUNG<\/a>\u00a0 \u00a0 \u00a0 \u00a0 <a href=\"https:\/\/sofiagreff.com\/?page_id=118\">PERFORMANCE<\/a>\u00a0 \u00a0 \u00a0 \u00a0 \u00a0<a href=\"https:\/\/sofiagreff.com\/?page_id=119\">COLLAGE<\/a>\u00a0 \u00a0 \u00a0 \u00a0 \u00a0<a href=\"https:\/\/sofiagreff.com\/?page_id=116\">INSTALLATION<\/a><\/p>\n\n\n<div style=\"height:86px\" aria-hidden=\"true\" class=\"wp-block-spacer\"><\/div>\n\n\n\n<figure class=\"wp-block-image size-large\"><img loading=\"lazy\" decoding=\"async\" width=\"869\" height=\"1024\" src=\"https:\/\/sofiagreff.com\/wp-content\/uploads\/2023\/08\/IM-EISSS-869x1024.jpg\" alt=\"\" class=\"wp-image-784\" srcset=\"https:\/\/sofiagreff.com\/wp-content\/uploads\/2023\/08\/IM-EISSS-869x1024.jpg 869w, https:\/\/sofiagreff.com\/wp-content\/uploads\/2023\/08\/IM-EISSS-255x300.jpg 255w, https:\/\/sofiagreff.com\/wp-content\/uploads\/2023\/08\/IM-EISSS-768x905.jpg 768w, https:\/\/sofiagreff.com\/wp-content\/uploads\/2023\/08\/IM-EISSS-1304x1536.jpg 1304w, https:\/\/sofiagreff.com\/wp-content\/uploads\/2023\/08\/IM-EISSS-1738x2048.jpg 1738w, https:\/\/sofiagreff.com\/wp-content\/uploads\/2023\/08\/IM-EISSS.jpg 1761w\" sizes=\"auto, (max-width: 706px) 89vw, (max-width: 767px) 82vw, 740px\" \/><\/figure>\n","protected":false},"excerpt":{"rendered":"<p>Sofia Greff &#8211; Visual Performance Artist Poesie der absurden Allt\u00e4glichkeit Aus Neugier und Faszination dar\u00fcber, wie die Erscheinungen der allt\u00e4glichen Dinge sich je nach Verh\u00e4ltnissen ver\u00e4ndern, bilde ich die dadurch entstandenen Widerspr\u00fcche und Irritationen in meinen Arbeiten ab. Diese aus dem Zusammenhang geratenen Situationen, k\u00f6nnen sich in Zeichnungen, Performances, Installationen, und Collagen, manifestieren. In erforschender &hellip; <\/p>\n<p class=\"link-more\"><a href=\"https:\/\/sofiagreff.com\/\" class=\"more-link\"><span class=\"screen-reader-text\">\u201eWORK\u201c<\/span> weiterlesen<\/a><\/p>\n","protected":false},"author":1,"featured_media":0,"parent":0,"menu_order":0,"comment_status":"closed","ping_status":"closed","template":"","meta":{"footnotes":""},"class_list":["post-590","page","type-page","status-publish","hentry"],"_links":{"self":[{"href":"https:\/\/sofiagreff.com\/index.php?rest_route=\/wp\/v2\/pages\/590","targetHints":{"allow":["GET"]}}],"collection":[{"href":"https:\/\/sofiagreff.com\/index.php?rest_route=\/wp\/v2\/pages"}],"about":[{"href":"https:\/\/sofiagreff.com\/index.php?rest_route=\/wp\/v2\/types\/page"}],"author":[{"embeddable":true,"href":"https:\/\/sofiagreff.com\/index.php?rest_route=\/wp\/v2\/users\/1"}],"replies":[{"embeddable":true,"href":"https:\/\/sofiagreff.com\/index.php?rest_route=%2Fwp%2Fv2%2Fcomments&post=590"}],"version-history":[{"count":38,"href":"https:\/\/sofiagreff.com\/index.php?rest_route=\/wp\/v2\/pages\/590\/revisions"}],"predecessor-version":[{"id":997,"href":"https:\/\/sofiagreff.com\/index.php?rest_route=\/wp\/v2\/pages\/590\/revisions\/997"}],"wp:attachment":[{"href":"https:\/\/sofiagreff.com\/index.php?rest_route=%2Fwp%2Fv2%2Fmedia&parent=590"}],"curies":[{"name":"wp","href":"https:\/\/api.w.org\/{rel}","templated":true}]}}