{"id":501,"date":"2023-08-14T08:07:54","date_gmt":"2023-08-14T08:07:54","guid":{"rendered":"https:\/\/sofiagreff.com\/?page_id=501"},"modified":"2023-08-29T15:35:48","modified_gmt":"2023-08-29T15:35:48","slug":"vita","status":"publish","type":"page","link":"https:\/\/sofiagreff.com\/?page_id=501","title":{"rendered":"VITA"},"content":{"rendered":"\n<p>1999 &#8211; 2005<\/p>\n\n\n\n<p class=\"has-small-font-size\">Studium der interdisziplin\u00e4ren Kunst an der Kunsthochschule Kassel und an der St\u00e4delschule Frankfurt am Main<\/p>\n\n\n\n<p>2005<\/p>\n\n\n\n<p>Meistersch\u00fclerabschluss bei Prof. Ayse Erkmen<\/p>\n\n\n\n<p>2005-2008<\/p>\n\n\n\n<p>Postgraduierten Studium, Visual Performance Master of Arts am Dartington College of Arts, GB<\/p>\n\n\n\n<p><\/p>\n\n\n\n<p><strong>Ausstellungen und Performances<\/strong><\/p>\n\n\n\n<p>2023 &nbsp; &nbsp; &nbsp; &nbsp; <\/p>\n\n\n\n<p>Ausstelllung ZEITL\u00c4UFTE, Kunstverein NOK, Buchen Odw. (G)&nbsp;<\/p>\n\n\n\n<p>2023&nbsp; &nbsp; &nbsp; &nbsp; <\/p>\n\n\n\n<p>Facetten einer Stadt, Stadtjubil\u00e4umsprojekt, Buchen Odw.<\/p>\n\n\n\n<p>2022 &nbsp; &nbsp; &nbsp; &nbsp; <\/p>\n\n\n\n<p>UTOPIA, Kulturforum Vis \u00e1 Vis, Buchen Odw. (G)<\/p>\n\n\n\n<p>2021 &nbsp; &nbsp; &nbsp; &nbsp; <\/p>\n\n\n\n<p>Ausstellung <em>Reproduktion und Wirklichkeit <\/em>Kunstverein NOK, Mosbach\/Buchen Odw. (G)&nbsp; &nbsp;<\/p>\n\n\n\n<p>2020 &nbsp; &nbsp; &nbsp; &nbsp; <\/p>\n\n\n\n<p><em>Verwandlung<\/em>, Kunstverein NOK, Buchen Odw. (G)&nbsp;<\/p>\n\n\n\n<p>2019&nbsp; &nbsp; &nbsp; &nbsp; &nbsp; <\/p>\n\n\n\n<p>Das erste mal zum ZWEITEN MAL, KV Marburg (G)<\/p>\n\n\n\n<p>Performance <em>rewind<\/em>, Galerie F\u00fcrWahr, Walld\u00fcrn<\/p>\n\n\n\n<p>Artists\/Don Quixote im Neuen KV Aschaffenburg und Performance im KV Familie Montez e.V., Frankfurt\/M (G)<\/p>\n\n\n\n<p>2018&nbsp; &nbsp; &nbsp; &nbsp; &nbsp; <\/p>\n\n\n\n<p><em>Von Schwarz bis Weiss<\/em>, Altes Schlachthaus,&nbsp;<\/p>\n\n\n\n<p>KV Neckar-Odenwald, Mosbach (G)<\/p>\n\n\n\n<p>Performance, SpielrauMoll, Alte Kirche, Hausen&nbsp; &nbsp; &nbsp; &nbsp; &nbsp; &nbsp; &nbsp; &nbsp; &nbsp; &nbsp;<\/p>\n\n\n\n<p>2017 &nbsp; &nbsp; &nbsp; &nbsp; &nbsp; <\/p>\n\n\n\n<p>Performance <em>Wo ist Heribert Sch\u00e4fer?<\/em> mit Roza Rueb im Kulturforum Vis \u00e1 Vis, KV Neckar-Odenwald, Buchen Odw.<\/p>\n\n\n\n<p><em>Zur Stabilit\u00e4t der Resonanzachsen<\/em>, Performance, Schlo\u00df Homburg a.M.&nbsp;<\/p>\n\n\n\n<p>Eiermannsaal, Prinz Carl Hotel, Kunstrasen, Buchen Odw. (G)<\/p>\n\n\n\n<p><em>Dateien werden in sieben Tagen gel\u00f6scht, <\/em>Fu\u00dfg\u00e4ngerzone, zusammen mit Roza Rueb, Kunstrasen, Buchen Odw.<\/p>\n\n\n\n<p><em>Peer kommt vor der Manze, <\/em>Performance mit Roza Rueb im Kunsttempel Kassel<\/p>\n\n\n\n<p>2016 &nbsp; &nbsp; &nbsp; &nbsp; &nbsp; <\/p>\n\n\n\n<p>Schreiperformance mit Roza Rueb, Kunststra\u00dfe Amorbach<\/p>\n\n\n\n<p><em>Die Wollen nur Spielen<\/em>, interdisziplin\u00e4res Performanceprojekt, FIA Forum, Amorbach<\/p>\n\n\n\n<p>Kunstrasen, Buchen Odw. (G)<\/p>\n\n\n\n<p>2014 &nbsp; &nbsp; &nbsp; &nbsp; &nbsp; <\/p>\n\n\n\n<p>Performance, <em>Brise 2<\/em>, Performance Festival Flensburg<\/p>\n\n\n\n<p><em>Zwischen Himmel und Erde<\/em>, Performance Festival Hannover<\/p>\n\n\n\n<p>Ausstellung im FIA Forum mit Thomas Breuer, Amorbach<\/p>\n\n\n\n<p>2013 &nbsp; &nbsp; &nbsp; <\/p>\n\n\n\n<p>Ateliergr\u00fcndung LICHTUNG Breuer und Greff in Amorbach <\/p>\n\n\n\n<p>Natura &amp; Industria, Performance und Ausstellung im Auerbacher F\u00fcrstenlager, Bensheim<\/p>\n\n\n\n<p><em>Wellcome<\/em>, Performance im KV Neckar-Odenwald,&nbsp;<\/p>\n\n\n\n<p>Buchen Odw.<\/p>\n\n\n\n<p><em>momentum 6<\/em>, Platform f\u00fcr Performance Art, Br\u00fcssel, BE<\/p>\n\n\n\n<p>2011&nbsp; &nbsp; &nbsp; &nbsp; &nbsp; &nbsp; <\/p>\n\n\n\n<p><em>Greifbarkeiten<\/em>, Galerie St Gabriel, Frankfurt\/Main<\/p>\n\n\n\n<p><em>bitte missverstehen sie uns richtig<\/em>, Ausstellung mit Billa Burger, basis Projetraum, Frankfurt\/M<\/p>\n\n\n\n<p>Performance <em>for Cornelia<\/em>, Klosterpresse, Frankfurt\/M<\/p>\n\n\n\n<p><em>59 seconddreams<\/em>, Galerie St Gabriel, Frankfurt\/M<\/p>\n\n\n\n<p>2010&nbsp; &nbsp; &nbsp; &nbsp; &nbsp; &nbsp; <\/p>\n\n\n\n<p><em>Zwischenr\u00e4ume<\/em>, Kunstbalkon, Kassel<\/p>\n\n\n\n<p>OUI 01, <em>Performance Night<\/em>, kuratiert von N. Walker und v. Gray, York, GB<\/p>\n\n\n\n<p><em>Keinklang<\/em>, KUNSTHALLE m3, Atelierhaus Mengerzeile, Berlin<\/p>\n\n\n\n<p>Performance <em>no. 3<\/em>, momo underground, Klosterpresse, Frankfurt\/M<\/p>\n\n\n\n<p>QUALIT\u00c9, Performance at Kiosk Moguntia, Studio Jilavu &amp; Schmelz, Mainz<\/p>\n\n\n\n<p>Soft Bodies, International Performance Art Festival, Ars Electronica, Linz, AT &nbsp; &nbsp; &nbsp;<\/p>\n\n\n\n<p><em>Herzlic.<\/em>.. Einzelausstellung und Performance, Klosterpresse, Frankfurt\/M<\/p>\n\n\n\n<p><em>Nur zur Deko,<\/em> Atelier Ostparkstrasse, Frankfurt\/Main<\/p>\n\n\n\n<p>2009 &nbsp; &nbsp; &nbsp; &nbsp; &nbsp; <\/p>\n\n\n\n<p>Performance,<em> Zeit bleibt<\/em>, Eschborn K, Frankfurt\/Main<\/p>\n\n\n\n<p>EPAF Performancefestival Warschau, PL<\/p>\n\n\n\n<p>NOTES on a Return, Laing Arts Gallery New Castle, GB<\/p>\n\n\n\n<p>Performance <em>Behandlungsraum<\/em>, Die Orbitale, Schallkapsel, Friedericianum Kassel<\/p>\n\n\n\n<p>Performance <em>Hallogehn<\/em> mit Patricia Leinhos und Project ALODONG, Eulengasse, Frankfurt\/M<\/p>\n\n\n\n<p><em>Dzjekuje<\/em>, Performance Festival Galeria Arsenal, Bialystok, Pl<\/p>\n\n\n\n<p>2008&nbsp;<\/p>\n\n\n\n<p><em>Der gerahmte Raum<\/em>, Performance, Zeitraumexit, Mannheim<\/p>\n\n\n\n<p><a href=\"http:\/\/www.falmouth.ac.uk\/component\/events\/132\/view_detail\/2008\/September\/25\/ma-show-2008-279\/index.html\">MASHOW Dartington College of Arts, GB<\/a><\/p>\n\n\n\n<p>Performance in <a href=\"http:\/\/racefastsafecar.de\/index.html\">Racefastsafecar Galerie, K\u00f6ln<\/a><\/p>\n\n\n\n<p><em>1.442.666 Steps<\/em>, Dartington\/Frankfurt<\/p>\n\n\n\n<p>Pranzo con L&#8217;artista\/Artists Lunch, OZU Residency, IT<\/p>\n\n\n\n<p>Performance, Ninth Cathedral Arts Festival, Catalyst Arts Gallery, Belfast, GB<\/p>\n\n\n\n<p>2007 &nbsp; &nbsp; &nbsp; &nbsp; &nbsp; <\/p>\n\n\n\n<p>Machen I+II,&nbsp; zusammen mit Roza Rueb und Yasna Schindler, Die Halle, Frankfurt\/M<\/p>\n\n\n\n<p>2D\/3D im \u00d6kohaus, Frankfurt\/M<\/p>\n\n\n\n<p>Performance zur Lesung von U. E. Zieglers Roman <em>Hamburger Hochbahn<\/em>, Literaturhaus Frankfurt a.M<\/p>\n\n\n\n<p><em>Reading Dartington Prospectus<\/em>, Performance, Dartington College of Arts, GB<br><\/p>\n\n\n\n<p>2006 &nbsp; &nbsp; &nbsp; &nbsp; &nbsp; <\/p>\n\n\n\n<p><em>Ich widme mich dir voll und ganz<\/em>, Forum 1822, Sparkasse Frankfurt\/M (E)<\/p>\n\n\n\n<p><em>Vis \u00e0 vis,<\/em> Galerie Schuster, Frankfurt\/M<br><\/p>\n\n\n\n<p>2005 &nbsp; <\/p>\n\n\n\n<p><em>Ladenh\u00fcter<\/em>, Kunstverein Viernheim (G)<\/p>\n\n\n\n<p><em>No big deal<\/em>, Kunstverein Gelsenkirchen<\/p>\n\n\n\n<p><em>For interspaces<\/em>, mit Sandra Gruyer, Atelier Rafi, Frankfurt\/M<\/p>\n\n\n\n<p>Remote, LOT Galerie, Bristol, GB<\/p>\n\n\n\n<p>Kanarischer Tanz, Wandarbeit, Teneriffa, ESP<\/p>\n\n\n\n<p>2004 &nbsp; &nbsp; &nbsp; &nbsp; &nbsp; <\/p>\n\n\n\n<p>Galerie Schuster und Art Frankfurt, F\u00f6rderkoje Frankfurt\/M<\/p>\n\n\n\n<p>2003 &nbsp; &nbsp; &nbsp; &nbsp; &nbsp; <\/p>\n\n\n\n<p>Galerie Schuster und Scheuermann, Berlin<\/p>\n\n\n\n<p><em>Giraffe Woman,<\/em> Performance, Schlo\u00df Bellevue, Kriens, CH<\/p>\n\n\n\n<p><\/p>\n\n\n\n<p><strong>Projekte<\/strong><\/p>\n\n\n\n<p>2023 <\/p>\n\n\n\n<p>Facetten einer Stadt, Zeichenprojekt zum Buchener Stadtjubil\u00e4um, buchen Odw.<\/p>\n\n\n\n<p>2018&nbsp; &nbsp; &nbsp; &nbsp; &nbsp; &nbsp; <\/p>\n\n\n\n<p><em>Von Schwarz bis Weiss<\/em>, Kunstverein NOK, Altes Schlachthaus Mosbach<\/p>\n\n\n\n<p>2017&nbsp; &nbsp; &nbsp; &nbsp; &nbsp; &nbsp; <\/p>\n\n\n\n<p>Fake Performances, Collageprojekt<\/p>\n\n\n\n<p>2014 &nbsp; &nbsp; &nbsp; &nbsp; &nbsp; &nbsp; <\/p>\n\n\n\n<p><em>Die wollen nur Spielen<\/em> Interdisziplin\u00e4res Projekt mit Caroline Kn\u00f6bl, Thomas Breuer, Wolfgang Schliemann, Roza Rueb, Talib Richard Vogl und R\u00fcdiger Steiner, Marstall, Amorbach<\/p>\n\n\n\n<p>2013 &nbsp; &nbsp; &nbsp; &nbsp; &nbsp; &nbsp; <\/p>\n\n\n\n<p>Kalender, 365 Zeichnungen, FIA Forum, Amorbach<\/p>\n\n\n\n<p>2010&nbsp; &nbsp; &nbsp; &nbsp; &nbsp; &nbsp; <\/p>\n\n\n\n<p><em>Aufgespie\u00dft, Essen im Gr\u00fcnen<\/em>, Eulengasse zu Gast im Riederwald, Frankfurt\/M<\/p>\n\n\n\n<p>2012 &nbsp; &nbsp; &nbsp; &nbsp; &nbsp; &nbsp; <\/p>\n\n\n\n<p>kikumenta 4, Kunstwerkstatt K\u00f6nigstein<\/p>\n\n\n\n<p>2009 &nbsp; &nbsp; &nbsp; &nbsp; &nbsp; <\/p>\n\n\n\n<p><a href=\"http:\/\/www.artreview.com\/photo\/photo\/slideshow?albumId=1474022:Album:720279\">ALODONG, Eulengasse 65, Frankfurt<\/a>\/M<br>2008 &nbsp; &nbsp; &nbsp; &nbsp; &nbsp; <\/p>\n\n\n\n<p>1.442.666 Steps, Austauschprojekt Atelier Rafi Frankfurt und das Dartington College of Arts, GB<br><\/p>\n\n\n\n<p>2002-2005&nbsp; <\/p>\n\n\n\n<p>Osmose ( Performancegruppe mit <a href=\"http:\/\/www.performanceart.ch\/site\/archiv05\/roethli.html\">Judith R\u00f6thlisberger<\/a>, Sheila Mullooly and Sandra Guyer)<br><\/p>\n\n\n\n<p>2002-2003&nbsp; <\/p>\n\n\n\n<p>Wohnprojekt \u2013 leben und zeichnen in verschiedenen Orten in Deutschland (Frankfurt, Aschaffenburg, Dresden, G\u00f6ppingen, Hamburg, Albertshausen, Mannheim, Willmenrod, Magdeburg, Haibach, Regensburg, Frankfurt\/M)<\/p>\n\n\n\n<p>2003&nbsp; &nbsp; &nbsp; &nbsp; &nbsp; &nbsp; <\/p>\n\n\n\n<p>PERFORMANCE TOTAL in Zusammenarbeit mit Alina Bungardean, Alexandru Mirutiu, Dorel Gaina und der Kunsthochschule Cluj, RO<\/p>\n\n\n\n<p>1999-2002 &nbsp; &nbsp; <\/p>\n\n\n\n<p>KEK, Kochen essen Kunst, Kochprojekt mit Elke Mark, Charlotte Busse, Susanne Reichmann mit Aktionen in Kassel, Frankfurt\/M, Aschaffenburg and Arnsberg<\/p>\n\n\n\n<p><\/p>\n\n\n\n<p><strong>Stipendien, Preise, Residenzen<\/strong><\/p>\n\n\n\n<p>2009<\/p>\n\n\n\n<p>K\u00fcnstlerresidenz zusammen mit Billa Burger beim Pilotprojekt Gropiusstadt\/Berlin<br><\/p>\n\n\n\n<p>2008 &nbsp; <\/p>\n\n\n\n<p><a href=\"http:\/\/www.ozu.it\/pagina_open.asp?id=5&amp;lin=eng\">OZU, Taoh Residency<\/a>, Monteleone Sabina, Italien<br><\/p>\n\n\n\n<p>2001-2005&nbsp; &nbsp; <\/p>\n\n\n\n<p>Stipendiatin der Studienstiftung des Deutschen Volkes<br><\/p>\n\n\n\n<p>2004 &nbsp; &nbsp; &nbsp; &nbsp; &nbsp; &nbsp; <\/p>\n\n\n\n<p>K\u00fcnstlerresidenz Mariposa, Teneriffa<\/p>\n\n\n\n<p>2003&nbsp; &nbsp; &nbsp; &nbsp; &nbsp; &nbsp; <\/p>\n\n\n\n<p>Atelierpreis der Landwirtschaftlichen Rentenbank am Rundgang der St\u00e4delschule, Frankfurt<\/p>\n\n\n\n<p><\/p>\n\n\n\n<p><strong>Publikationen<\/strong><\/p>\n\n\n\n<div class=\"wp-block-group\"><div class=\"wp-block-group__inner-container is-layout-constrained wp-block-group-is-layout-constrained\">\n<p class=\"has-small-font-size\">Kunst und Unterricht, Heft 374.375\/2013 Art.Space.Movement, S. 32\/33<\/p>\n\n\n\n<p class=\"has-small-font-size\"><a href=\"http:\/\/www.pilotprojekt-gropiusstadt.de\/\">Katalog zur kikumenta 4, Kunstwerkstatt K\u00f6nigstein, S. 46-51, 2012<\/a><\/p>\n\n\n\n<p class=\"has-small-font-size\">Katalog Soft Bodies Performance Festival Linz S.12\/13, 2010<\/p>\n\n\n\n<p class=\"has-small-font-size\">Katalog NOTES on a return, Sophia Hao,Matthew Hearn S. 132-135, 2010<\/p>\n\n\n\n<p class=\"has-small-font-size\"><a href=\"http:\/\/www.pilotprojekt-gropiusstadt.de\/\">pilotprojekt gropiusstadt, jahrbuch 2009; S. 18\/19, erschienen 2010<\/a><\/p>\n\n\n\n<p class=\"has-small-font-size\"><a href=\"http:\/\/www.inter-lelieu.org\/FR\/inter_105.php\">INTER art actuel, No 105, Printemps, 2010: 26-33, Review von Slavka Sverakowa<\/a> <\/p>\n\n\n\n<p class=\"has-small-font-size\"><a href=\"http:\/\/www.synergia-verlag.de\/die-zwei-leben-des-herrn-richie-p-46587.html\">Buchilllustration Die zwei Leben des Herrn Richie B.M. Tang, 2009<\/a><br><\/p>\n\n\n\n<p class=\"has-small-font-size\"><a href=\"http:\/\/www.racefastsafecar.de\/ausstellungen_2.html\">race fast safe car K\u00f6ln, Aardse &amp; Mark, Katalog, Performance 2008<\/a><\/p>\n\n\n\n<p class=\"has-small-font-size\">Dartington College of Arts, Illustration Prospectus 2008<\/p>\n\n\n\n<p>Verein der Tumortherapie mit schweren Ionen, Illustration for Booklet, 2005, s. Deckblatt, 3, 6, 8, 18, 25, 33, 36, 40, 45, 46, 49.<\/p>\n\n\n\n<p>Let&#8217;s Party for a Piece of Art, Pinakothek der Moderne, Design des Katalogs, Deckblatt und Einladungskarte, 2005<\/p>\n\n\n\n<p>Katalog Mariposa, ArtProject Teneriffe 2005 p.100<\/p>\n\n\n\n<p>Publikation des Quarter Cathedral Arts Festival Belfast Northern Ireland, 2008<\/p>\n\n\n\n<p>Katalog W 12, St\u00e4delschule2005, Klasse of Prof. Ayse Erkmen, Projektraum, s. 18-19<\/p>\n\n\n\n<p>Einzelkatalog, F\u00fcr Zwischenr\u00e4ume, 2006<\/p>\n\n\n\n<p>RMV&nbsp; 2003, Das Ziel ist immer der Teppich zu Hause, s. 54, 55, 57, 60, 61, 67<\/p>\n\n\n\n<p>MA Catalogue 2004, Dartington College of Arts<\/p>\n\n\n\n<p>Katalog Across the Border, Artig e.V. Hannover 2003, Osmose, s. 23-24<\/p>\n\n\n\n<p>Catalogue, Manifesta 4, Frankfurt, performt f\u00fcr Tino Sehgal, Instead of allowing some things to rise up to your face dancing bruce and dan and other things, 2002<\/p>\n\n\n\n<p>Katalog, immer essen, Neuer Kunstverein Aschaffenburg e.V., 2002, s. 27<br>CD ROM, das erste mal, Kunstverein Marburg, 2000<\/p>\n<\/div><\/div>\n\n\n\n<p><\/p>\n\n\n\n<p><strong>Sammlungen<\/strong><\/p>\n\n\n\n<p><\/p>\n\n\n\n<p class=\"has-small-font-size\">Karlheinz Schmidt seit 2003<br>HelaBa (Hessische Landesbank) seit 2004<br>Mariposa, Hans-J\u00fcrgen und Helga M\u00fcller seit 2005<\/p>\n","protected":false},"excerpt":{"rendered":"<p>1999 &#8211; 2005 Studium der interdisziplin\u00e4ren Kunst an der Kunsthochschule Kassel und an der St\u00e4delschule Frankfurt am Main 2005 Meistersch\u00fclerabschluss bei Prof. Ayse Erkmen 2005-2008 Postgraduierten Studium, Visual Performance Master of Arts am Dartington College of Arts, GB Ausstellungen und Performances 2023 &nbsp; &nbsp; &nbsp; &nbsp; Ausstelllung ZEITL\u00c4UFTE, Kunstverein NOK, Buchen Odw. (G)&nbsp; 2023&nbsp; &nbsp; &hellip; <\/p>\n<p class=\"link-more\"><a href=\"https:\/\/sofiagreff.com\/?page_id=501\" class=\"more-link\"><span class=\"screen-reader-text\">\u201eVITA\u201c<\/span> weiterlesen<\/a><\/p>\n","protected":false},"author":1,"featured_media":0,"parent":0,"menu_order":0,"comment_status":"closed","ping_status":"closed","template":"","meta":{"footnotes":""},"class_list":["post-501","page","type-page","status-publish","hentry"],"_links":{"self":[{"href":"https:\/\/sofiagreff.com\/index.php?rest_route=\/wp\/v2\/pages\/501","targetHints":{"allow":["GET"]}}],"collection":[{"href":"https:\/\/sofiagreff.com\/index.php?rest_route=\/wp\/v2\/pages"}],"about":[{"href":"https:\/\/sofiagreff.com\/index.php?rest_route=\/wp\/v2\/types\/page"}],"author":[{"embeddable":true,"href":"https:\/\/sofiagreff.com\/index.php?rest_route=\/wp\/v2\/users\/1"}],"replies":[{"embeddable":true,"href":"https:\/\/sofiagreff.com\/index.php?rest_route=%2Fwp%2Fv2%2Fcomments&post=501"}],"version-history":[{"count":13,"href":"https:\/\/sofiagreff.com\/index.php?rest_route=\/wp\/v2\/pages\/501\/revisions"}],"predecessor-version":[{"id":1027,"href":"https:\/\/sofiagreff.com\/index.php?rest_route=\/wp\/v2\/pages\/501\/revisions\/1027"}],"wp:attachment":[{"href":"https:\/\/sofiagreff.com\/index.php?rest_route=%2Fwp%2Fv2%2Fmedia&parent=501"}],"curies":[{"name":"wp","href":"https:\/\/api.w.org\/{rel}","templated":true}]}}