{"id":430,"date":"2023-08-14T09:07:39","date_gmt":"2023-08-14T09:07:39","guid":{"rendered":"https:\/\/sofiagreff.com\/?page_id=430"},"modified":"2023-08-15T13:22:09","modified_gmt":"2023-08-15T13:22:09","slug":"pufuleti-der-wurm-der-zeit","status":"publish","type":"page","link":"https:\/\/sofiagreff.com\/?page_id=430","title":{"rendered":"Pufuleti &#8211; der Wurm der Zeit"},"content":{"rendered":"\n<p><\/p>\n\n\n\n<p><strong>Zeichnerische Installation zur Buchener Jubil\u00e4umsausstellung des Kunstvereins Neckar-Odenwald im Kulturforum Vis \u00e0 Vis, Buchen,  2023<\/strong><\/p>\n\n\n\n<p>Knusprig und salzig, auf der Zunge schmelzend und am Gaumen klebend. Hat die Frische dann Abschied genommen,werden die Pufuleti z\u00e4h und knatschig.<\/p>\n\n\n\n<p>Dieses Geschmackserlebnis und der starke Maisgeruch lassen Erinnerungen an meine Kindheit in Siebenb\u00fcrgen, Rum\u00e4nien wach werden.<\/p>\n\n\n\n<p>Weil einige diese Snacks in ungew\u00fcrztem Zustand langweilig und strohig finden, ist er bei so manchen Ausstellungser\u00f6ffnungen liegen gelassen worden.<\/p>\n\n\n\n<p>Nun bekommt dieses Produkt ein zweites Leben als Kunstinstallation als <em>Wurm der Zeit<\/em>.<\/p>\n\n\n\n<p>Dieser Wurm klettert, sich ungelenk windend vom Sockel und frisst sich durch die Raumarchitektur, den Boden und die Betons\u00e4ulen:&nbsp;eine inszenierte Marodie.<\/p>\n\n\n\n<div style=\"height:41px\" aria-hidden=\"true\" class=\"wp-block-spacer\"><\/div>\n\n\n\n<figure class=\"wp-block-gallery has-nested-images columns-default is-cropped wp-block-gallery-1 is-layout-flex wp-block-gallery-is-layout-flex\">\n<figure class=\"wp-block-image size-large\"><a href=\"https:\/\/sofiagreff.com\/wp-content\/uploads\/2023\/08\/Pufuleti02-scaled.jpg\" rel=\"https:\/\/sofiagreff.com\/wp-content\/uploads\/2023\/08\/Pufuleti02-scaled.jpg\"><img loading=\"lazy\" decoding=\"async\" width=\"768\" height=\"1024\" data-id=\"455\" src=\"https:\/\/sofiagreff.com\/wp-content\/uploads\/2023\/08\/Pufuleti02-768x1024.jpg\" alt=\"\" class=\"wp-image-455\" srcset=\"https:\/\/sofiagreff.com\/wp-content\/uploads\/2023\/08\/Pufuleti02-768x1024.jpg 768w, https:\/\/sofiagreff.com\/wp-content\/uploads\/2023\/08\/Pufuleti02-225x300.jpg 225w, https:\/\/sofiagreff.com\/wp-content\/uploads\/2023\/08\/Pufuleti02-1152x1536.jpg 1152w, https:\/\/sofiagreff.com\/wp-content\/uploads\/2023\/08\/Pufuleti02-1536x2048.jpg 1536w, https:\/\/sofiagreff.com\/wp-content\/uploads\/2023\/08\/Pufuleti02-1200x1600.jpg 1200w, https:\/\/sofiagreff.com\/wp-content\/uploads\/2023\/08\/Pufuleti02-1860x2480.jpg 1860w, https:\/\/sofiagreff.com\/wp-content\/uploads\/2023\/08\/Pufuleti02-scaled.jpg 1920w\" sizes=\"auto, (max-width: 706px) 89vw, (max-width: 767px) 82vw, 740px\" \/><\/a><\/figure>\n\n\n\n<figure class=\"wp-block-image size-large\"><a href=\"https:\/\/sofiagreff.com\/wp-content\/uploads\/2023\/08\/Pufuleti08-scaled.jpg\" rel=\"https:\/\/sofiagreff.com\/wp-content\/uploads\/2023\/08\/Pufuleti08-scaled.jpg\"><img loading=\"lazy\" decoding=\"async\" width=\"1024\" height=\"768\" data-id=\"451\" src=\"https:\/\/sofiagreff.com\/wp-content\/uploads\/2023\/08\/Pufuleti08-1024x768.jpg\" alt=\"\" class=\"wp-image-451\" srcset=\"https:\/\/sofiagreff.com\/wp-content\/uploads\/2023\/08\/Pufuleti08-1024x768.jpg 1024w, https:\/\/sofiagreff.com\/wp-content\/uploads\/2023\/08\/Pufuleti08-300x225.jpg 300w, https:\/\/sofiagreff.com\/wp-content\/uploads\/2023\/08\/Pufuleti08-768x576.jpg 768w, https:\/\/sofiagreff.com\/wp-content\/uploads\/2023\/08\/Pufuleti08-1536x1152.jpg 1536w, https:\/\/sofiagreff.com\/wp-content\/uploads\/2023\/08\/Pufuleti08-2048x1536.jpg 2048w, https:\/\/sofiagreff.com\/wp-content\/uploads\/2023\/08\/Pufuleti08-1200x900.jpg 1200w, https:\/\/sofiagreff.com\/wp-content\/uploads\/2023\/08\/Pufuleti08-1860x1395.jpg 1860w\" sizes=\"auto, (max-width: 706px) 89vw, (max-width: 767px) 82vw, 740px\" \/><\/a><\/figure>\n\n\n\n<figure class=\"wp-block-image size-large\"><a href=\"https:\/\/sofiagreff.com\/wp-content\/uploads\/2023\/08\/IMG_2075-1.jpg\" rel=\"https:\/\/sofiagreff.com\/wp-content\/uploads\/2023\/08\/IMG_2075-1.jpg\"><img loading=\"lazy\" decoding=\"async\" width=\"1024\" height=\"647\" data-id=\"448\" src=\"https:\/\/sofiagreff.com\/wp-content\/uploads\/2023\/08\/IMG_2075-1-1024x647.jpg\" alt=\"\" class=\"wp-image-448\" srcset=\"https:\/\/sofiagreff.com\/wp-content\/uploads\/2023\/08\/IMG_2075-1-1024x647.jpg 1024w, https:\/\/sofiagreff.com\/wp-content\/uploads\/2023\/08\/IMG_2075-1-300x190.jpg 300w, https:\/\/sofiagreff.com\/wp-content\/uploads\/2023\/08\/IMG_2075-1-768x485.jpg 768w, https:\/\/sofiagreff.com\/wp-content\/uploads\/2023\/08\/IMG_2075-1-1200x758.jpg 1200w, https:\/\/sofiagreff.com\/wp-content\/uploads\/2023\/08\/IMG_2075-1.jpg 1244w\" sizes=\"auto, (max-width: 706px) 89vw, (max-width: 767px) 82vw, 740px\" \/><\/a><figcaption class=\"wp-element-caption\">Foto: Tim Krieger<\/figcaption><\/figure>\n\n\n\n<figure class=\"wp-block-image size-large\"><a href=\"https:\/\/sofiagreff.com\/wp-content\/uploads\/2023\/08\/IMG_2078-1.jpg\"><img loading=\"lazy\" decoding=\"async\" width=\"1024\" height=\"666\" data-id=\"450\" src=\"https:\/\/sofiagreff.com\/wp-content\/uploads\/2023\/08\/IMG_2078-1-1024x666.jpg\" alt=\"\" class=\"wp-image-450\" srcset=\"https:\/\/sofiagreff.com\/wp-content\/uploads\/2023\/08\/IMG_2078-1-1024x666.jpg 1024w, https:\/\/sofiagreff.com\/wp-content\/uploads\/2023\/08\/IMG_2078-1-300x195.jpg 300w, https:\/\/sofiagreff.com\/wp-content\/uploads\/2023\/08\/IMG_2078-1-768x500.jpg 768w, https:\/\/sofiagreff.com\/wp-content\/uploads\/2023\/08\/IMG_2078-1-1536x999.jpg 1536w, https:\/\/sofiagreff.com\/wp-content\/uploads\/2023\/08\/IMG_2078-1-1200x781.jpg 1200w, https:\/\/sofiagreff.com\/wp-content\/uploads\/2023\/08\/IMG_2078-1-1860x1210.jpg 1860w, https:\/\/sofiagreff.com\/wp-content\/uploads\/2023\/08\/IMG_2078-1.jpg 2000w\" sizes=\"auto, (max-width: 706px) 89vw, (max-width: 767px) 82vw, 740px\" \/><\/a><figcaption class=\"wp-element-caption\">Foto: Tim Krieger<\/figcaption><\/figure>\n\n\n\n<figure class=\"wp-block-image size-large\"><a href=\"https:\/\/sofiagreff.com\/wp-content\/uploads\/2023\/08\/IMG_2076-1.jpg\" rel=\"https:\/\/sofiagreff.com\/wp-content\/uploads\/2023\/08\/IMG_2076-1.jpg\"><img loading=\"lazy\" decoding=\"async\" width=\"1024\" height=\"752\" data-id=\"449\" src=\"https:\/\/sofiagreff.com\/wp-content\/uploads\/2023\/08\/IMG_2076-1-1024x752.jpg\" alt=\"\" class=\"wp-image-449\" srcset=\"https:\/\/sofiagreff.com\/wp-content\/uploads\/2023\/08\/IMG_2076-1-1024x752.jpg 1024w, https:\/\/sofiagreff.com\/wp-content\/uploads\/2023\/08\/IMG_2076-1-300x220.jpg 300w, https:\/\/sofiagreff.com\/wp-content\/uploads\/2023\/08\/IMG_2076-1-768x564.jpg 768w, https:\/\/sofiagreff.com\/wp-content\/uploads\/2023\/08\/IMG_2076-1-1200x881.jpg 1200w, https:\/\/sofiagreff.com\/wp-content\/uploads\/2023\/08\/IMG_2076-1.jpg 1387w\" sizes=\"auto, (max-width: 706px) 89vw, (max-width: 767px) 82vw, 740px\" \/><\/a><figcaption class=\"wp-element-caption\">Foto: Tim Krieger<\/figcaption><\/figure>\n\n\n\n<figure class=\"wp-block-image size-large\"><a href=\"https:\/\/sofiagreff.com\/wp-content\/uploads\/2023\/08\/Pufuleti03-scaled.jpg\" rel=\"https:\/\/sofiagreff.com\/wp-content\/uploads\/2023\/08\/Pufuleti03-scaled.jpg\"><img loading=\"lazy\" decoding=\"async\" width=\"768\" height=\"1024\" data-id=\"453\" src=\"https:\/\/sofiagreff.com\/wp-content\/uploads\/2023\/08\/Pufuleti03-768x1024.jpg\" alt=\"\" class=\"wp-image-453\" srcset=\"https:\/\/sofiagreff.com\/wp-content\/uploads\/2023\/08\/Pufuleti03-768x1024.jpg 768w, https:\/\/sofiagreff.com\/wp-content\/uploads\/2023\/08\/Pufuleti03-225x300.jpg 225w, https:\/\/sofiagreff.com\/wp-content\/uploads\/2023\/08\/Pufuleti03-1152x1536.jpg 1152w, https:\/\/sofiagreff.com\/wp-content\/uploads\/2023\/08\/Pufuleti03-1536x2048.jpg 1536w, https:\/\/sofiagreff.com\/wp-content\/uploads\/2023\/08\/Pufuleti03-1200x1600.jpg 1200w, https:\/\/sofiagreff.com\/wp-content\/uploads\/2023\/08\/Pufuleti03-1860x2480.jpg 1860w, https:\/\/sofiagreff.com\/wp-content\/uploads\/2023\/08\/Pufuleti03-scaled.jpg 1920w\" sizes=\"auto, (max-width: 706px) 89vw, (max-width: 767px) 82vw, 740px\" \/><\/a><\/figure>\n\n\n\n<figure class=\"wp-block-image size-large\"><a href=\"https:\/\/sofiagreff.com\/wp-content\/uploads\/2023\/08\/Pufuleti07-scaled.jpg\" rel=\"https:\/\/sofiagreff.com\/wp-content\/uploads\/2023\/08\/Pufuleti07-scaled.jpg\"><img loading=\"lazy\" decoding=\"async\" width=\"1024\" height=\"768\" data-id=\"457\" src=\"https:\/\/sofiagreff.com\/wp-content\/uploads\/2023\/08\/Pufuleti07-1024x768.jpg\" alt=\"\" class=\"wp-image-457\" srcset=\"https:\/\/sofiagreff.com\/wp-content\/uploads\/2023\/08\/Pufuleti07-1024x768.jpg 1024w, https:\/\/sofiagreff.com\/wp-content\/uploads\/2023\/08\/Pufuleti07-300x225.jpg 300w, https:\/\/sofiagreff.com\/wp-content\/uploads\/2023\/08\/Pufuleti07-768x576.jpg 768w, https:\/\/sofiagreff.com\/wp-content\/uploads\/2023\/08\/Pufuleti07-1536x1152.jpg 1536w, https:\/\/sofiagreff.com\/wp-content\/uploads\/2023\/08\/Pufuleti07-2048x1536.jpg 2048w, https:\/\/sofiagreff.com\/wp-content\/uploads\/2023\/08\/Pufuleti07-1200x900.jpg 1200w, https:\/\/sofiagreff.com\/wp-content\/uploads\/2023\/08\/Pufuleti07-1860x1395.jpg 1860w\" sizes=\"auto, (max-width: 706px) 89vw, (max-width: 767px) 82vw, 740px\" \/><\/a><\/figure>\n\n\n\n<figure class=\"wp-block-image size-large\"><a href=\"https:\/\/sofiagreff.com\/wp-content\/uploads\/2023\/08\/Pufuleti06-scaled.jpg\" rel=\"https:\/\/sofiagreff.com\/wp-content\/uploads\/2023\/08\/Pufuleti06-scaled.jpg\"><img loading=\"lazy\" decoding=\"async\" width=\"768\" height=\"1024\" data-id=\"458\" src=\"https:\/\/sofiagreff.com\/wp-content\/uploads\/2023\/08\/Pufuleti06-768x1024.jpg\" alt=\"\" class=\"wp-image-458\" srcset=\"https:\/\/sofiagreff.com\/wp-content\/uploads\/2023\/08\/Pufuleti06-768x1024.jpg 768w, https:\/\/sofiagreff.com\/wp-content\/uploads\/2023\/08\/Pufuleti06-225x300.jpg 225w, https:\/\/sofiagreff.com\/wp-content\/uploads\/2023\/08\/Pufuleti06-1152x1536.jpg 1152w, https:\/\/sofiagreff.com\/wp-content\/uploads\/2023\/08\/Pufuleti06-1536x2048.jpg 1536w, https:\/\/sofiagreff.com\/wp-content\/uploads\/2023\/08\/Pufuleti06-1200x1600.jpg 1200w, https:\/\/sofiagreff.com\/wp-content\/uploads\/2023\/08\/Pufuleti06-1860x2480.jpg 1860w, https:\/\/sofiagreff.com\/wp-content\/uploads\/2023\/08\/Pufuleti06-scaled.jpg 1920w\" sizes=\"auto, (max-width: 706px) 89vw, (max-width: 767px) 82vw, 740px\" \/><\/a><\/figure>\n\n\n\n<figure class=\"wp-block-image size-large\"><a href=\"https:\/\/sofiagreff.com\/wp-content\/uploads\/2023\/08\/Pufuleti04-scaled.jpg\" rel=\"https:\/\/sofiagreff.com\/wp-content\/uploads\/2023\/08\/Pufuleti04-scaled.jpg\"><img loading=\"lazy\" decoding=\"async\" width=\"768\" height=\"1024\" data-id=\"456\" src=\"https:\/\/sofiagreff.com\/wp-content\/uploads\/2023\/08\/Pufuleti04-768x1024.jpg\" alt=\"\" class=\"wp-image-456\" srcset=\"https:\/\/sofiagreff.com\/wp-content\/uploads\/2023\/08\/Pufuleti04-768x1024.jpg 768w, https:\/\/sofiagreff.com\/wp-content\/uploads\/2023\/08\/Pufuleti04-225x300.jpg 225w, https:\/\/sofiagreff.com\/wp-content\/uploads\/2023\/08\/Pufuleti04-1152x1536.jpg 1152w, https:\/\/sofiagreff.com\/wp-content\/uploads\/2023\/08\/Pufuleti04-1536x2048.jpg 1536w, https:\/\/sofiagreff.com\/wp-content\/uploads\/2023\/08\/Pufuleti04-1200x1600.jpg 1200w, https:\/\/sofiagreff.com\/wp-content\/uploads\/2023\/08\/Pufuleti04-1860x2480.jpg 1860w, https:\/\/sofiagreff.com\/wp-content\/uploads\/2023\/08\/Pufuleti04-scaled.jpg 1920w\" sizes=\"auto, (max-width: 706px) 89vw, (max-width: 767px) 82vw, 740px\" \/><\/a><\/figure>\n<\/figure>\n","protected":false},"excerpt":{"rendered":"<p>Zeichnerische Installation zur Buchener Jubil\u00e4umsausstellung des Kunstvereins Neckar-Odenwald im Kulturforum Vis \u00e0 Vis, Buchen, 2023 Knusprig und salzig, auf der Zunge schmelzend und am Gaumen klebend. Hat die Frische dann Abschied genommen,werden die Pufuleti z\u00e4h und knatschig. Dieses Geschmackserlebnis und der starke Maisgeruch lassen Erinnerungen an meine Kindheit in Siebenb\u00fcrgen, Rum\u00e4nien wach werden. Weil einige &hellip; <\/p>\n<p class=\"link-more\"><a href=\"https:\/\/sofiagreff.com\/?page_id=430\" class=\"more-link\"><span class=\"screen-reader-text\">\u201ePufuleti &#8211; der Wurm der Zeit\u201c<\/span> weiterlesen<\/a><\/p>\n","protected":false},"author":1,"featured_media":0,"parent":116,"menu_order":0,"comment_status":"closed","ping_status":"closed","template":"","meta":{"footnotes":""},"class_list":["post-430","page","type-page","status-publish","hentry"],"_links":{"self":[{"href":"https:\/\/sofiagreff.com\/index.php?rest_route=\/wp\/v2\/pages\/430","targetHints":{"allow":["GET"]}}],"collection":[{"href":"https:\/\/sofiagreff.com\/index.php?rest_route=\/wp\/v2\/pages"}],"about":[{"href":"https:\/\/sofiagreff.com\/index.php?rest_route=\/wp\/v2\/types\/page"}],"author":[{"embeddable":true,"href":"https:\/\/sofiagreff.com\/index.php?rest_route=\/wp\/v2\/users\/1"}],"replies":[{"embeddable":true,"href":"https:\/\/sofiagreff.com\/index.php?rest_route=%2Fwp%2Fv2%2Fcomments&post=430"}],"version-history":[{"count":4,"href":"https:\/\/sofiagreff.com\/index.php?rest_route=\/wp\/v2\/pages\/430\/revisions"}],"predecessor-version":[{"id":763,"href":"https:\/\/sofiagreff.com\/index.php?rest_route=\/wp\/v2\/pages\/430\/revisions\/763"}],"up":[{"embeddable":true,"href":"https:\/\/sofiagreff.com\/index.php?rest_route=\/wp\/v2\/pages\/116"}],"wp:attachment":[{"href":"https:\/\/sofiagreff.com\/index.php?rest_route=%2Fwp%2Fv2%2Fmedia&parent=430"}],"curies":[{"name":"wp","href":"https:\/\/api.w.org\/{rel}","templated":true}]}}