{"id":311,"date":"2023-08-14T09:06:08","date_gmt":"2023-08-14T09:06:08","guid":{"rendered":"https:\/\/sofiagreff.com\/?page_id=311"},"modified":"2023-11-02T13:28:33","modified_gmt":"2023-11-02T13:28:33","slug":"kleidermoodles","status":"publish","type":"page","link":"https:\/\/sofiagreff.com\/?page_id=311","title":{"rendered":"Kleiderdoodles"},"content":{"rendered":"\n<p><strong>Performative Installation im Neuen Kunstverein Aschaffenburg,  <em>Artist Don Quixote<\/em><\/strong>, 2019<\/p>\n\n\n\n<p>Material: Altkleider, Schlitten, Keybordst\u00e4nder, Tapeziertischb\u00f6cke, Besenstiel, Stuhl, Boxsachst\u00e4nder<\/p>\n\n\n\n<figure class=\"wp-block-gallery has-nested-images columns-default is-cropped wp-block-gallery-1 is-layout-flex wp-block-gallery-is-layout-flex\">\n<figure class=\"wp-block-image size-large\"><a href=\"https:\/\/sofiagreff.com\/wp-content\/uploads\/2023\/08\/IMG_3615-scaled.jpg\" rel=\"https:\/\/sofiagreff.com\/wp-content\/uploads\/2023\/08\/IMG_3615-scaled.jpg\"><img loading=\"lazy\" decoding=\"async\" width=\"1024\" height=\"244\" data-id=\"312\" src=\"https:\/\/sofiagreff.com\/wp-content\/uploads\/2023\/08\/IMG_3615-1024x244.jpg\" alt=\"\" class=\"wp-image-312\" srcset=\"https:\/\/sofiagreff.com\/wp-content\/uploads\/2023\/08\/IMG_3615-1024x244.jpg 1024w, https:\/\/sofiagreff.com\/wp-content\/uploads\/2023\/08\/IMG_3615-300x71.jpg 300w, https:\/\/sofiagreff.com\/wp-content\/uploads\/2023\/08\/IMG_3615-768x183.jpg 768w, https:\/\/sofiagreff.com\/wp-content\/uploads\/2023\/08\/IMG_3615-1536x366.jpg 1536w, https:\/\/sofiagreff.com\/wp-content\/uploads\/2023\/08\/IMG_3615-2048x488.jpg 2048w, https:\/\/sofiagreff.com\/wp-content\/uploads\/2023\/08\/IMG_3615-1200x286.jpg 1200w, https:\/\/sofiagreff.com\/wp-content\/uploads\/2023\/08\/IMG_3615-1860x443.jpg 1860w\" sizes=\"auto, (max-width: 706px) 89vw, (max-width: 767px) 82vw, 740px\" \/><\/a><\/figure>\n<\/figure>\n\n\n\n<div style=\"height:3px\" aria-hidden=\"true\" class=\"wp-block-spacer\"><\/div>\n\n\n\n<figure class=\"wp-block-gallery has-nested-images columns-default is-cropped wp-block-gallery-2 is-layout-flex wp-block-gallery-is-layout-flex\">\n<figure class=\"wp-block-image size-large\"><img loading=\"lazy\" decoding=\"async\" width=\"1024\" height=\"768\" data-id=\"369\" src=\"https:\/\/sofiagreff.com\/wp-content\/uploads\/2023\/08\/IMG_2166-1024x768.jpg\" alt=\"\" class=\"wp-image-369\" srcset=\"https:\/\/sofiagreff.com\/wp-content\/uploads\/2023\/08\/IMG_2166-1024x768.jpg 1024w, https:\/\/sofiagreff.com\/wp-content\/uploads\/2023\/08\/IMG_2166-300x225.jpg 300w, https:\/\/sofiagreff.com\/wp-content\/uploads\/2023\/08\/IMG_2166-768x576.jpg 768w, https:\/\/sofiagreff.com\/wp-content\/uploads\/2023\/08\/IMG_2166-1536x1152.jpg 1536w, https:\/\/sofiagreff.com\/wp-content\/uploads\/2023\/08\/IMG_2166-2048x1536.jpg 2048w, https:\/\/sofiagreff.com\/wp-content\/uploads\/2023\/08\/IMG_2166-1200x900.jpg 1200w, https:\/\/sofiagreff.com\/wp-content\/uploads\/2023\/08\/IMG_2166-1860x1395.jpg 1860w\" sizes=\"auto, (max-width: 706px) 89vw, (max-width: 767px) 82vw, 740px\" \/><\/figure>\n<\/figure>\n\n\n\n<figure class=\"wp-block-image size-large\"><img loading=\"lazy\" decoding=\"async\" width=\"1024\" height=\"768\" src=\"https:\/\/sofiagreff.com\/wp-content\/uploads\/2023\/08\/IMG_2110-1024x768.jpg\" alt=\"\" class=\"wp-image-352\" srcset=\"https:\/\/sofiagreff.com\/wp-content\/uploads\/2023\/08\/IMG_2110-1024x768.jpg 1024w, https:\/\/sofiagreff.com\/wp-content\/uploads\/2023\/08\/IMG_2110-300x225.jpg 300w, https:\/\/sofiagreff.com\/wp-content\/uploads\/2023\/08\/IMG_2110-768x576.jpg 768w, https:\/\/sofiagreff.com\/wp-content\/uploads\/2023\/08\/IMG_2110-1536x1152.jpg 1536w, https:\/\/sofiagreff.com\/wp-content\/uploads\/2023\/08\/IMG_2110-2048x1536.jpg 2048w, https:\/\/sofiagreff.com\/wp-content\/uploads\/2023\/08\/IMG_2110-1200x900.jpg 1200w, https:\/\/sofiagreff.com\/wp-content\/uploads\/2023\/08\/IMG_2110-1860x1395.jpg 1860w\" sizes=\"auto, (max-width: 706px) 89vw, (max-width: 767px) 82vw, 740px\" \/><\/figure>\n\n\n\n<figure class=\"wp-block-image size-large\"><a href=\"https:\/\/sofiagreff.com\/wp-content\/uploads\/2023\/08\/IMG_2112-scaled.jpg\" rel=\"https:\/\/sofiagreff.com\/wp-content\/uploads\/2023\/08\/IMG_2112-scaled.jpg\"><img loading=\"lazy\" decoding=\"async\" width=\"1024\" height=\"768\" src=\"https:\/\/sofiagreff.com\/wp-content\/uploads\/2023\/08\/IMG_2112-1024x768.jpg\" alt=\"\" class=\"wp-image-359\" srcset=\"https:\/\/sofiagreff.com\/wp-content\/uploads\/2023\/08\/IMG_2112-1024x768.jpg 1024w, https:\/\/sofiagreff.com\/wp-content\/uploads\/2023\/08\/IMG_2112-300x225.jpg 300w, https:\/\/sofiagreff.com\/wp-content\/uploads\/2023\/08\/IMG_2112-768x576.jpg 768w, https:\/\/sofiagreff.com\/wp-content\/uploads\/2023\/08\/IMG_2112-1536x1152.jpg 1536w, https:\/\/sofiagreff.com\/wp-content\/uploads\/2023\/08\/IMG_2112-2048x1536.jpg 2048w, https:\/\/sofiagreff.com\/wp-content\/uploads\/2023\/08\/IMG_2112-1200x900.jpg 1200w, https:\/\/sofiagreff.com\/wp-content\/uploads\/2023\/08\/IMG_2112-1860x1395.jpg 1860w\" sizes=\"auto, (max-width: 706px) 89vw, (max-width: 767px) 82vw, 740px\" \/><\/a><\/figure>\n\n\n\n<div style=\"height:0px\" aria-hidden=\"true\" class=\"wp-block-spacer\"><\/div>\n\n\n\n<figure class=\"wp-block-image size-large\"><img loading=\"lazy\" decoding=\"async\" width=\"1024\" height=\"768\" src=\"https:\/\/sofiagreff.com\/wp-content\/uploads\/2023\/08\/IMG_3650-1-1024x768.jpg\" alt=\"\" class=\"wp-image-333\" srcset=\"https:\/\/sofiagreff.com\/wp-content\/uploads\/2023\/08\/IMG_3650-1-1024x768.jpg 1024w, https:\/\/sofiagreff.com\/wp-content\/uploads\/2023\/08\/IMG_3650-1-300x225.jpg 300w, https:\/\/sofiagreff.com\/wp-content\/uploads\/2023\/08\/IMG_3650-1-768x576.jpg 768w, https:\/\/sofiagreff.com\/wp-content\/uploads\/2023\/08\/IMG_3650-1-1536x1152.jpg 1536w, https:\/\/sofiagreff.com\/wp-content\/uploads\/2023\/08\/IMG_3650-1-2048x1536.jpg 2048w, https:\/\/sofiagreff.com\/wp-content\/uploads\/2023\/08\/IMG_3650-1-1200x900.jpg 1200w, https:\/\/sofiagreff.com\/wp-content\/uploads\/2023\/08\/IMG_3650-1-1860x1395.jpg 1860w\" sizes=\"auto, (max-width: 706px) 89vw, (max-width: 767px) 82vw, 740px\" \/><\/figure>\n\n\n\n<figure class=\"wp-block-gallery has-nested-images columns-default is-cropped wp-block-gallery-3 is-layout-flex wp-block-gallery-is-layout-flex\">\n<figure class=\"wp-block-image size-large\"><img loading=\"lazy\" decoding=\"async\" width=\"683\" height=\"1024\" data-id=\"385\" src=\"https:\/\/sofiagreff.com\/wp-content\/uploads\/2023\/08\/IMG_6895-683x1024.jpg\" alt=\"\" class=\"wp-image-385\" srcset=\"https:\/\/sofiagreff.com\/wp-content\/uploads\/2023\/08\/IMG_6895-683x1024.jpg 683w, https:\/\/sofiagreff.com\/wp-content\/uploads\/2023\/08\/IMG_6895-200x300.jpg 200w, https:\/\/sofiagreff.com\/wp-content\/uploads\/2023\/08\/IMG_6895-768x1152.jpg 768w, https:\/\/sofiagreff.com\/wp-content\/uploads\/2023\/08\/IMG_6895-1024x1536.jpg 1024w, https:\/\/sofiagreff.com\/wp-content\/uploads\/2023\/08\/IMG_6895-1365x2048.jpg 1365w, https:\/\/sofiagreff.com\/wp-content\/uploads\/2023\/08\/IMG_6895-1200x1800.jpg 1200w, https:\/\/sofiagreff.com\/wp-content\/uploads\/2023\/08\/IMG_6895-1860x2790.jpg 1860w, https:\/\/sofiagreff.com\/wp-content\/uploads\/2023\/08\/IMG_6895-scaled.jpg 1707w\" sizes=\"auto, (max-width: 683px) 100vw, 683px\" \/><\/figure>\n\n\n\n<figure class=\"wp-block-image size-large\"><a href=\"https:\/\/sofiagreff.com\/wp-content\/uploads\/2023\/08\/IMG_2085-scaled.jpg\" rel=\"https:\/\/sofiagreff.com\/wp-content\/uploads\/2023\/08\/IMG_2085-scaled.jpg\"><img loading=\"lazy\" decoding=\"async\" width=\"768\" height=\"1024\" data-id=\"354\" src=\"https:\/\/sofiagreff.com\/wp-content\/uploads\/2023\/08\/IMG_2085-768x1024.jpg\" alt=\"\" class=\"wp-image-354\" srcset=\"https:\/\/sofiagreff.com\/wp-content\/uploads\/2023\/08\/IMG_2085-768x1024.jpg 768w, https:\/\/sofiagreff.com\/wp-content\/uploads\/2023\/08\/IMG_2085-225x300.jpg 225w, https:\/\/sofiagreff.com\/wp-content\/uploads\/2023\/08\/IMG_2085-1152x1536.jpg 1152w, https:\/\/sofiagreff.com\/wp-content\/uploads\/2023\/08\/IMG_2085-1536x2048.jpg 1536w, https:\/\/sofiagreff.com\/wp-content\/uploads\/2023\/08\/IMG_2085-1200x1600.jpg 1200w, https:\/\/sofiagreff.com\/wp-content\/uploads\/2023\/08\/IMG_2085-1860x2480.jpg 1860w, https:\/\/sofiagreff.com\/wp-content\/uploads\/2023\/08\/IMG_2085-scaled.jpg 1920w\" sizes=\"auto, (max-width: 706px) 89vw, (max-width: 767px) 82vw, 740px\" \/><\/a><\/figure>\n\n\n\n<figure class=\"wp-block-image size-large\"><img loading=\"lazy\" decoding=\"async\" width=\"768\" height=\"1024\" data-id=\"376\" src=\"https:\/\/sofiagreff.com\/wp-content\/uploads\/2023\/08\/IMG_2178-768x1024.jpg\" alt=\"\" class=\"wp-image-376\" srcset=\"https:\/\/sofiagreff.com\/wp-content\/uploads\/2023\/08\/IMG_2178-768x1024.jpg 768w, https:\/\/sofiagreff.com\/wp-content\/uploads\/2023\/08\/IMG_2178-225x300.jpg 225w, https:\/\/sofiagreff.com\/wp-content\/uploads\/2023\/08\/IMG_2178-1152x1536.jpg 1152w, https:\/\/sofiagreff.com\/wp-content\/uploads\/2023\/08\/IMG_2178-1536x2048.jpg 1536w, https:\/\/sofiagreff.com\/wp-content\/uploads\/2023\/08\/IMG_2178-1200x1600.jpg 1200w, https:\/\/sofiagreff.com\/wp-content\/uploads\/2023\/08\/IMG_2178-1860x2480.jpg 1860w, https:\/\/sofiagreff.com\/wp-content\/uploads\/2023\/08\/IMG_2178-scaled.jpg 1920w\" sizes=\"auto, (max-width: 706px) 89vw, (max-width: 767px) 82vw, 740px\" \/><\/figure>\n\n\n\n<figure class=\"wp-block-image size-large\"><img loading=\"lazy\" decoding=\"async\" width=\"768\" height=\"1024\" data-id=\"356\" src=\"https:\/\/sofiagreff.com\/wp-content\/uploads\/2023\/08\/IMG_2086-768x1024.jpg\" alt=\"\" class=\"wp-image-356\" srcset=\"https:\/\/sofiagreff.com\/wp-content\/uploads\/2023\/08\/IMG_2086-768x1024.jpg 768w, https:\/\/sofiagreff.com\/wp-content\/uploads\/2023\/08\/IMG_2086-225x300.jpg 225w, https:\/\/sofiagreff.com\/wp-content\/uploads\/2023\/08\/IMG_2086-1152x1536.jpg 1152w, https:\/\/sofiagreff.com\/wp-content\/uploads\/2023\/08\/IMG_2086-1536x2048.jpg 1536w, https:\/\/sofiagreff.com\/wp-content\/uploads\/2023\/08\/IMG_2086-1200x1600.jpg 1200w, https:\/\/sofiagreff.com\/wp-content\/uploads\/2023\/08\/IMG_2086-1860x2480.jpg 1860w, https:\/\/sofiagreff.com\/wp-content\/uploads\/2023\/08\/IMG_2086-scaled.jpg 1920w\" sizes=\"auto, (max-width: 706px) 89vw, (max-width: 767px) 82vw, 740px\" \/><\/figure>\n\n\n\n<figure class=\"wp-block-image size-large\"><a href=\"https:\/\/sofiagreff.com\/wp-content\/uploads\/2023\/08\/IMG_3647-scaled.jpg\"><img loading=\"lazy\" decoding=\"async\" width=\"1024\" height=\"768\" data-id=\"332\" src=\"https:\/\/sofiagreff.com\/wp-content\/uploads\/2023\/08\/IMG_3647-1024x768.jpg\" alt=\"\" class=\"wp-image-332\" srcset=\"https:\/\/sofiagreff.com\/wp-content\/uploads\/2023\/08\/IMG_3647-1024x768.jpg 1024w, https:\/\/sofiagreff.com\/wp-content\/uploads\/2023\/08\/IMG_3647-300x225.jpg 300w, https:\/\/sofiagreff.com\/wp-content\/uploads\/2023\/08\/IMG_3647-768x576.jpg 768w, https:\/\/sofiagreff.com\/wp-content\/uploads\/2023\/08\/IMG_3647-1536x1152.jpg 1536w, https:\/\/sofiagreff.com\/wp-content\/uploads\/2023\/08\/IMG_3647-2048x1536.jpg 2048w, https:\/\/sofiagreff.com\/wp-content\/uploads\/2023\/08\/IMG_3647-1200x900.jpg 1200w, https:\/\/sofiagreff.com\/wp-content\/uploads\/2023\/08\/IMG_3647-1860x1395.jpg 1860w\" sizes=\"auto, (max-width: 706px) 89vw, (max-width: 767px) 82vw, 740px\" \/><\/a><\/figure>\n\n\n\n<figure class=\"wp-block-image size-large\"><a href=\"https:\/\/sofiagreff.com\/wp-content\/uploads\/2023\/08\/IMG_2081-scaled.jpg\" rel=\"https:\/\/sofiagreff.com\/wp-content\/uploads\/2023\/08\/IMG_2081-scaled.jpg\"><img loading=\"lazy\" decoding=\"async\" width=\"768\" height=\"1024\" data-id=\"355\" src=\"https:\/\/sofiagreff.com\/wp-content\/uploads\/2023\/08\/IMG_2081-768x1024.jpg\" alt=\"\" class=\"wp-image-355\" srcset=\"https:\/\/sofiagreff.com\/wp-content\/uploads\/2023\/08\/IMG_2081-768x1024.jpg 768w, https:\/\/sofiagreff.com\/wp-content\/uploads\/2023\/08\/IMG_2081-225x300.jpg 225w, https:\/\/sofiagreff.com\/wp-content\/uploads\/2023\/08\/IMG_2081-1152x1536.jpg 1152w, https:\/\/sofiagreff.com\/wp-content\/uploads\/2023\/08\/IMG_2081-1536x2048.jpg 1536w, https:\/\/sofiagreff.com\/wp-content\/uploads\/2023\/08\/IMG_2081-1200x1600.jpg 1200w, https:\/\/sofiagreff.com\/wp-content\/uploads\/2023\/08\/IMG_2081-1860x2480.jpg 1860w, https:\/\/sofiagreff.com\/wp-content\/uploads\/2023\/08\/IMG_2081-scaled.jpg 1920w\" sizes=\"auto, (max-width: 706px) 89vw, (max-width: 767px) 82vw, 740px\" \/><\/a><\/figure>\n\n\n\n<figure class=\"wp-block-image size-large\"><a href=\"https:\/\/sofiagreff.com\/wp-content\/uploads\/2023\/08\/IMG_2088-1-scaled.jpg\" rel=\"https:\/\/sofiagreff.com\/wp-content\/uploads\/2023\/08\/IMG_2088-1-scaled.jpg\"><img loading=\"lazy\" decoding=\"async\" width=\"1024\" height=\"768\" data-id=\"353\" src=\"https:\/\/sofiagreff.com\/wp-content\/uploads\/2023\/08\/IMG_2088-1-1024x768.jpg\" alt=\"\" class=\"wp-image-353\" srcset=\"https:\/\/sofiagreff.com\/wp-content\/uploads\/2023\/08\/IMG_2088-1-1024x768.jpg 1024w, https:\/\/sofiagreff.com\/wp-content\/uploads\/2023\/08\/IMG_2088-1-300x225.jpg 300w, https:\/\/sofiagreff.com\/wp-content\/uploads\/2023\/08\/IMG_2088-1-768x576.jpg 768w, https:\/\/sofiagreff.com\/wp-content\/uploads\/2023\/08\/IMG_2088-1-1536x1152.jpg 1536w, https:\/\/sofiagreff.com\/wp-content\/uploads\/2023\/08\/IMG_2088-1-2048x1536.jpg 2048w, https:\/\/sofiagreff.com\/wp-content\/uploads\/2023\/08\/IMG_2088-1-1200x900.jpg 1200w, https:\/\/sofiagreff.com\/wp-content\/uploads\/2023\/08\/IMG_2088-1-1860x1395.jpg 1860w\" sizes=\"auto, (max-width: 706px) 89vw, (max-width: 767px) 82vw, 740px\" \/><\/a><\/figure>\n<\/figure>\n\n\n\n<figure class=\"wp-block-image size-large\"><img loading=\"lazy\" decoding=\"async\" width=\"1024\" height=\"768\" src=\"https:\/\/sofiagreff.com\/wp-content\/uploads\/2023\/08\/IMG_2087-1024x768.jpg\" alt=\"\" class=\"wp-image-358\" srcset=\"https:\/\/sofiagreff.com\/wp-content\/uploads\/2023\/08\/IMG_2087-1024x768.jpg 1024w, https:\/\/sofiagreff.com\/wp-content\/uploads\/2023\/08\/IMG_2087-300x225.jpg 300w, https:\/\/sofiagreff.com\/wp-content\/uploads\/2023\/08\/IMG_2087-768x576.jpg 768w, https:\/\/sofiagreff.com\/wp-content\/uploads\/2023\/08\/IMG_2087-1536x1152.jpg 1536w, https:\/\/sofiagreff.com\/wp-content\/uploads\/2023\/08\/IMG_2087-2048x1536.jpg 2048w, https:\/\/sofiagreff.com\/wp-content\/uploads\/2023\/08\/IMG_2087-1200x900.jpg 1200w, https:\/\/sofiagreff.com\/wp-content\/uploads\/2023\/08\/IMG_2087-1860x1395.jpg 1860w\" sizes=\"auto, (max-width: 706px) 89vw, (max-width: 767px) 82vw, 740px\" \/><\/figure>\n\n\n\n<figure class=\"wp-block-image size-large\"><img loading=\"lazy\" decoding=\"async\" width=\"1024\" height=\"768\" src=\"https:\/\/sofiagreff.com\/wp-content\/uploads\/2023\/08\/IMG_3636-1024x768.jpg\" alt=\"\" class=\"wp-image-328\" srcset=\"https:\/\/sofiagreff.com\/wp-content\/uploads\/2023\/08\/IMG_3636-1024x768.jpg 1024w, https:\/\/sofiagreff.com\/wp-content\/uploads\/2023\/08\/IMG_3636-300x225.jpg 300w, https:\/\/sofiagreff.com\/wp-content\/uploads\/2023\/08\/IMG_3636-768x576.jpg 768w, https:\/\/sofiagreff.com\/wp-content\/uploads\/2023\/08\/IMG_3636-1536x1152.jpg 1536w, https:\/\/sofiagreff.com\/wp-content\/uploads\/2023\/08\/IMG_3636-2048x1536.jpg 2048w, https:\/\/sofiagreff.com\/wp-content\/uploads\/2023\/08\/IMG_3636-1200x900.jpg 1200w, https:\/\/sofiagreff.com\/wp-content\/uploads\/2023\/08\/IMG_3636-1860x1395.jpg 1860w\" sizes=\"auto, (max-width: 706px) 89vw, (max-width: 767px) 82vw, 740px\" \/><\/figure>\n\n\n\n<figure class=\"wp-block-image size-large\"><img loading=\"lazy\" decoding=\"async\" width=\"1024\" height=\"768\" src=\"https:\/\/sofiagreff.com\/wp-content\/uploads\/2023\/08\/IMG_3629-1024x768.jpg\" alt=\"\" class=\"wp-image-322\" srcset=\"https:\/\/sofiagreff.com\/wp-content\/uploads\/2023\/08\/IMG_3629-1024x768.jpg 1024w, https:\/\/sofiagreff.com\/wp-content\/uploads\/2023\/08\/IMG_3629-300x225.jpg 300w, https:\/\/sofiagreff.com\/wp-content\/uploads\/2023\/08\/IMG_3629-768x576.jpg 768w, https:\/\/sofiagreff.com\/wp-content\/uploads\/2023\/08\/IMG_3629-1536x1152.jpg 1536w, https:\/\/sofiagreff.com\/wp-content\/uploads\/2023\/08\/IMG_3629-2048x1536.jpg 2048w, https:\/\/sofiagreff.com\/wp-content\/uploads\/2023\/08\/IMG_3629-1200x900.jpg 1200w, https:\/\/sofiagreff.com\/wp-content\/uploads\/2023\/08\/IMG_3629-1860x1395.jpg 1860w\" sizes=\"auto, (max-width: 706px) 89vw, (max-width: 767px) 82vw, 740px\" \/><\/figure>\n\n\n\n<div style=\"height:2px\" aria-hidden=\"true\" class=\"wp-block-spacer\"><\/div>\n\n\n\n<figure class=\"wp-block-gallery has-nested-images columns-default is-cropped wp-block-gallery-4 is-layout-flex wp-block-gallery-is-layout-flex\">\n<figure class=\"wp-block-image size-large\"><img loading=\"lazy\" decoding=\"async\" width=\"768\" height=\"1024\" data-id=\"336\" src=\"https:\/\/sofiagreff.com\/wp-content\/uploads\/2023\/08\/IMG_3652-768x1024.jpg\" alt=\"\" class=\"wp-image-336\" srcset=\"https:\/\/sofiagreff.com\/wp-content\/uploads\/2023\/08\/IMG_3652-768x1024.jpg 768w, https:\/\/sofiagreff.com\/wp-content\/uploads\/2023\/08\/IMG_3652-225x300.jpg 225w, https:\/\/sofiagreff.com\/wp-content\/uploads\/2023\/08\/IMG_3652-1152x1536.jpg 1152w, https:\/\/sofiagreff.com\/wp-content\/uploads\/2023\/08\/IMG_3652-1536x2048.jpg 1536w, https:\/\/sofiagreff.com\/wp-content\/uploads\/2023\/08\/IMG_3652-1200x1600.jpg 1200w, https:\/\/sofiagreff.com\/wp-content\/uploads\/2023\/08\/IMG_3652-1860x2480.jpg 1860w, https:\/\/sofiagreff.com\/wp-content\/uploads\/2023\/08\/IMG_3652-scaled.jpg 1920w\" sizes=\"auto, (max-width: 706px) 89vw, (max-width: 767px) 82vw, 740px\" \/><\/figure>\n\n\n\n<figure class=\"wp-block-image size-large\"><img loading=\"lazy\" decoding=\"async\" width=\"1024\" height=\"768\" data-id=\"345\" src=\"https:\/\/sofiagreff.com\/wp-content\/uploads\/2023\/08\/IMG_4069-1024x768.jpg\" alt=\"\" class=\"wp-image-345\" srcset=\"https:\/\/sofiagreff.com\/wp-content\/uploads\/2023\/08\/IMG_4069-1024x768.jpg 1024w, https:\/\/sofiagreff.com\/wp-content\/uploads\/2023\/08\/IMG_4069-300x225.jpg 300w, https:\/\/sofiagreff.com\/wp-content\/uploads\/2023\/08\/IMG_4069-768x576.jpg 768w, https:\/\/sofiagreff.com\/wp-content\/uploads\/2023\/08\/IMG_4069-1536x1152.jpg 1536w, https:\/\/sofiagreff.com\/wp-content\/uploads\/2023\/08\/IMG_4069-2048x1536.jpg 2048w, https:\/\/sofiagreff.com\/wp-content\/uploads\/2023\/08\/IMG_4069-1200x900.jpg 1200w, https:\/\/sofiagreff.com\/wp-content\/uploads\/2023\/08\/IMG_4069-1860x1395.jpg 1860w\" sizes=\"auto, (max-width: 706px) 89vw, (max-width: 767px) 82vw, 740px\" \/><\/figure>\n<\/figure>\n","protected":false},"excerpt":{"rendered":"<p>Performative Installation im Neuen Kunstverein Aschaffenburg, Artist Don Quixote, 2019 Material: Altkleider, Schlitten, Keybordst\u00e4nder, Tapeziertischb\u00f6cke, Besenstiel, Stuhl, Boxsachst\u00e4nder<\/p>\n","protected":false},"author":1,"featured_media":0,"parent":116,"menu_order":0,"comment_status":"closed","ping_status":"closed","template":"","meta":{"footnotes":""},"class_list":["post-311","page","type-page","status-publish","hentry"],"_links":{"self":[{"href":"https:\/\/sofiagreff.com\/index.php?rest_route=\/wp\/v2\/pages\/311","targetHints":{"allow":["GET"]}}],"collection":[{"href":"https:\/\/sofiagreff.com\/index.php?rest_route=\/wp\/v2\/pages"}],"about":[{"href":"https:\/\/sofiagreff.com\/index.php?rest_route=\/wp\/v2\/types\/page"}],"author":[{"embeddable":true,"href":"https:\/\/sofiagreff.com\/index.php?rest_route=\/wp\/v2\/users\/1"}],"replies":[{"embeddable":true,"href":"https:\/\/sofiagreff.com\/index.php?rest_route=%2Fwp%2Fv2%2Fcomments&post=311"}],"version-history":[{"count":9,"href":"https:\/\/sofiagreff.com\/index.php?rest_route=\/wp\/v2\/pages\/311\/revisions"}],"predecessor-version":[{"id":1044,"href":"https:\/\/sofiagreff.com\/index.php?rest_route=\/wp\/v2\/pages\/311\/revisions\/1044"}],"up":[{"embeddable":true,"href":"https:\/\/sofiagreff.com\/index.php?rest_route=\/wp\/v2\/pages\/116"}],"wp:attachment":[{"href":"https:\/\/sofiagreff.com\/index.php?rest_route=%2Fwp%2Fv2%2Fmedia&parent=311"}],"curies":[{"name":"wp","href":"https:\/\/api.w.org\/{rel}","templated":true}]}}