{"id":270,"date":"2023-08-14T09:07:01","date_gmt":"2023-08-14T09:07:01","guid":{"rendered":"https:\/\/sofiagreff.com\/?page_id=270"},"modified":"2023-08-14T21:59:40","modified_gmt":"2023-08-14T21:59:40","slug":"logistik-sich-potentiell-widersprechenden-entitaeten","status":"publish","type":"page","link":"https:\/\/sofiagreff.com\/?page_id=270","title":{"rendered":"Logistik sich potentiell widersprechenden Entit\u00e4ten"},"content":{"rendered":"\n<p><strong>Performance, Kunstverein Familie Montez, Frankfurt\/M, 2019<\/strong><\/p>\n\n\n\n<p><strong> Im Rahmend es Projektes Artist Don Quixote, kursiert von Ahmad Rafi<\/strong><\/p>\n\n\n\n<p>Gezielt irrt der Ritter umher und r\u00fcckt die Welt seinem Bild zurecht, um nicht (an gebrochenem Herzen und verlorener Hoffnung) zu sterben. Sein kreativer Kompagnon collagiert beherzt das Abenteuer mit.<br>Gleich dem Dichter und der bescheidenen Reittiere, steht Sofia Greff pr\u00e4sent f\u00fcr ihr eigenes Wagnis ein. In Einzelperformances, klaren Linienzeichnungen und Fotocollagen besch\u00e4ftigt sie sich mit der Klaviatur der Begegnungen.<\/p>\n\n\n\n<p><\/p>\n\n\n\n<figure class=\"wp-block-gallery has-nested-images columns-default is-cropped wp-block-gallery-1 is-layout-flex wp-block-gallery-is-layout-flex\">\n<figure class=\"wp-block-image size-large\"><a href=\"https:\/\/sofiagreff.com\/wp-content\/uploads\/2023\/08\/Bild_1PerfMontez-scaled.jpg\" rel=\"https:\/\/sofiagreff.com\/wp-content\/uploads\/2023\/08\/Bild_1PerfMontez-scaled.jpg\"><img loading=\"lazy\" decoding=\"async\" width=\"653\" height=\"1024\" data-id=\"86\" src=\"https:\/\/sofiagreff.com\/wp-content\/uploads\/2023\/08\/Bild_1PerfMontez-653x1024.jpg\" alt=\"\" class=\"wp-image-86\" srcset=\"https:\/\/sofiagreff.com\/wp-content\/uploads\/2023\/08\/Bild_1PerfMontez-653x1024.jpg 653w, https:\/\/sofiagreff.com\/wp-content\/uploads\/2023\/08\/Bild_1PerfMontez-191x300.jpg 191w, https:\/\/sofiagreff.com\/wp-content\/uploads\/2023\/08\/Bild_1PerfMontez-768x1205.jpg 768w, https:\/\/sofiagreff.com\/wp-content\/uploads\/2023\/08\/Bild_1PerfMontez-979x1536.jpg 979w, https:\/\/sofiagreff.com\/wp-content\/uploads\/2023\/08\/Bild_1PerfMontez-1305x2048.jpg 1305w, https:\/\/sofiagreff.com\/wp-content\/uploads\/2023\/08\/Bild_1PerfMontez-scaled.jpg 1631w\" sizes=\"auto, (max-width: 653px) 100vw, 653px\" \/><\/a><\/figure>\n\n\n\n<figure class=\"wp-block-image size-large\"><a href=\"https:\/\/sofiagreff.com\/wp-content\/uploads\/2023\/08\/IMG_3677-scaled.jpg\" rel=\"https:\/\/sofiagreff.com\/wp-content\/uploads\/2023\/08\/IMG_3677-scaled.jpg\"><img loading=\"lazy\" decoding=\"async\" width=\"768\" height=\"1024\" data-id=\"102\" src=\"https:\/\/sofiagreff.com\/wp-content\/uploads\/2023\/08\/IMG_3677-768x1024.jpg\" alt=\"\" class=\"wp-image-102\" srcset=\"https:\/\/sofiagreff.com\/wp-content\/uploads\/2023\/08\/IMG_3677-768x1024.jpg 768w, https:\/\/sofiagreff.com\/wp-content\/uploads\/2023\/08\/IMG_3677-225x300.jpg 225w, https:\/\/sofiagreff.com\/wp-content\/uploads\/2023\/08\/IMG_3677-1152x1536.jpg 1152w, https:\/\/sofiagreff.com\/wp-content\/uploads\/2023\/08\/IMG_3677-1536x2048.jpg 1536w, https:\/\/sofiagreff.com\/wp-content\/uploads\/2023\/08\/IMG_3677-scaled.jpg 1920w\" sizes=\"auto, (max-width: 706px) 89vw, (max-width: 767px) 82vw, 740px\" \/><\/a><\/figure>\n\n\n\n<figure class=\"wp-block-image size-large\"><a href=\"https:\/\/sofiagreff.com\/wp-content\/uploads\/2023\/08\/IMG_3678-1-scaled.jpg\" rel=\"https:\/\/sofiagreff.com\/wp-content\/uploads\/2023\/08\/IMG_3678-1-scaled.jpg\"><img loading=\"lazy\" decoding=\"async\" width=\"768\" height=\"1024\" data-id=\"101\" src=\"https:\/\/sofiagreff.com\/wp-content\/uploads\/2023\/08\/IMG_3678-1-768x1024.jpg\" alt=\"\" class=\"wp-image-101\" srcset=\"https:\/\/sofiagreff.com\/wp-content\/uploads\/2023\/08\/IMG_3678-1-768x1024.jpg 768w, https:\/\/sofiagreff.com\/wp-content\/uploads\/2023\/08\/IMG_3678-1-225x300.jpg 225w, https:\/\/sofiagreff.com\/wp-content\/uploads\/2023\/08\/IMG_3678-1-1152x1536.jpg 1152w, https:\/\/sofiagreff.com\/wp-content\/uploads\/2023\/08\/IMG_3678-1-1536x2048.jpg 1536w, https:\/\/sofiagreff.com\/wp-content\/uploads\/2023\/08\/IMG_3678-1-scaled.jpg 1920w\" sizes=\"auto, (max-width: 706px) 89vw, (max-width: 767px) 82vw, 740px\" \/><\/a><\/figure>\n\n\n\n<figure class=\"wp-block-image size-large\"><a href=\"https:\/\/sofiagreff.com\/wp-content\/uploads\/2023\/08\/von-katharina3-scaled.jpg\" rel=\"https:\/\/sofiagreff.com\/wp-content\/uploads\/2023\/08\/von-katharina3-scaled.jpg\"><img loading=\"lazy\" decoding=\"async\" width=\"576\" height=\"1024\" data-id=\"83\" src=\"https:\/\/sofiagreff.com\/wp-content\/uploads\/2023\/08\/von-katharina3-576x1024.jpg\" alt=\"\" class=\"wp-image-83\" srcset=\"https:\/\/sofiagreff.com\/wp-content\/uploads\/2023\/08\/von-katharina3-576x1024.jpg 576w, https:\/\/sofiagreff.com\/wp-content\/uploads\/2023\/08\/von-katharina3-169x300.jpg 169w, https:\/\/sofiagreff.com\/wp-content\/uploads\/2023\/08\/von-katharina3-768x1365.jpg 768w, https:\/\/sofiagreff.com\/wp-content\/uploads\/2023\/08\/von-katharina3-864x1536.jpg 864w, https:\/\/sofiagreff.com\/wp-content\/uploads\/2023\/08\/von-katharina3-1152x2048.jpg 1152w, https:\/\/sofiagreff.com\/wp-content\/uploads\/2023\/08\/von-katharina3-scaled.jpg 1440w\" sizes=\"auto, (max-width: 576px) 100vw, 576px\" \/><\/a><\/figure>\n\n\n\n<figure class=\"wp-block-image size-large\"><a href=\"https:\/\/sofiagreff.com\/wp-content\/uploads\/2023\/08\/IMG_3671-1-scaled.jpg\" rel=\"https:\/\/sofiagreff.com\/wp-content\/uploads\/2023\/08\/IMG_3671-1-scaled.jpg\"><img loading=\"lazy\" decoding=\"async\" width=\"768\" height=\"1024\" data-id=\"99\" src=\"https:\/\/sofiagreff.com\/wp-content\/uploads\/2023\/08\/IMG_3671-1-768x1024.jpg\" alt=\"\" class=\"wp-image-99\" srcset=\"https:\/\/sofiagreff.com\/wp-content\/uploads\/2023\/08\/IMG_3671-1-768x1024.jpg 768w, https:\/\/sofiagreff.com\/wp-content\/uploads\/2023\/08\/IMG_3671-1-225x300.jpg 225w, https:\/\/sofiagreff.com\/wp-content\/uploads\/2023\/08\/IMG_3671-1-1152x1536.jpg 1152w, https:\/\/sofiagreff.com\/wp-content\/uploads\/2023\/08\/IMG_3671-1-1536x2048.jpg 1536w, https:\/\/sofiagreff.com\/wp-content\/uploads\/2023\/08\/IMG_3671-1-scaled.jpg 1920w\" sizes=\"auto, (max-width: 706px) 89vw, (max-width: 767px) 82vw, 740px\" \/><\/a><\/figure>\n\n\n\n<figure class=\"wp-block-image size-large\"><img loading=\"lazy\" decoding=\"async\" width=\"768\" height=\"1024\" data-id=\"275\" src=\"https:\/\/sofiagreff.com\/wp-content\/uploads\/2023\/08\/IMG_20191019_203901-768x1024.jpg\" alt=\"\" class=\"wp-image-275\" srcset=\"https:\/\/sofiagreff.com\/wp-content\/uploads\/2023\/08\/IMG_20191019_203901-768x1024.jpg 768w, https:\/\/sofiagreff.com\/wp-content\/uploads\/2023\/08\/IMG_20191019_203901-225x300.jpg 225w, https:\/\/sofiagreff.com\/wp-content\/uploads\/2023\/08\/IMG_20191019_203901-1152x1536.jpg 1152w, https:\/\/sofiagreff.com\/wp-content\/uploads\/2023\/08\/IMG_20191019_203901-1536x2048.jpg 1536w, https:\/\/sofiagreff.com\/wp-content\/uploads\/2023\/08\/IMG_20191019_203901-1200x1600.jpg 1200w, https:\/\/sofiagreff.com\/wp-content\/uploads\/2023\/08\/IMG_20191019_203901-1860x2480.jpg 1860w, https:\/\/sofiagreff.com\/wp-content\/uploads\/2023\/08\/IMG_20191019_203901-scaled.jpg 1920w\" sizes=\"auto, (max-width: 706px) 89vw, (max-width: 767px) 82vw, 740px\" \/><\/figure>\n\n\n\n<figure class=\"wp-block-image size-large\"><img loading=\"lazy\" decoding=\"async\" width=\"576\" height=\"1024\" data-id=\"82\" src=\"https:\/\/sofiagreff.com\/wp-content\/uploads\/2023\/08\/von-katharina2-576x1024.jpg\" alt=\"\" class=\"wp-image-82\" srcset=\"https:\/\/sofiagreff.com\/wp-content\/uploads\/2023\/08\/von-katharina2-576x1024.jpg 576w, https:\/\/sofiagreff.com\/wp-content\/uploads\/2023\/08\/von-katharina2-169x300.jpg 169w, https:\/\/sofiagreff.com\/wp-content\/uploads\/2023\/08\/von-katharina2-768x1365.jpg 768w, https:\/\/sofiagreff.com\/wp-content\/uploads\/2023\/08\/von-katharina2-864x1536.jpg 864w, https:\/\/sofiagreff.com\/wp-content\/uploads\/2023\/08\/von-katharina2-1152x2048.jpg 1152w, https:\/\/sofiagreff.com\/wp-content\/uploads\/2023\/08\/von-katharina2-scaled.jpg 1440w\" sizes=\"auto, (max-width: 576px) 100vw, 576px\" \/><\/figure>\n\n\n\n<figure class=\"wp-block-image size-large\"><img loading=\"lazy\" decoding=\"async\" width=\"1024\" height=\"768\" data-id=\"87\" src=\"https:\/\/sofiagreff.com\/wp-content\/uploads\/2023\/08\/IMG_3612-1-1024x768.jpg\" alt=\"\" class=\"wp-image-87\" srcset=\"https:\/\/sofiagreff.com\/wp-content\/uploads\/2023\/08\/IMG_3612-1-1024x768.jpg 1024w, https:\/\/sofiagreff.com\/wp-content\/uploads\/2023\/08\/IMG_3612-1-300x225.jpg 300w, https:\/\/sofiagreff.com\/wp-content\/uploads\/2023\/08\/IMG_3612-1-768x576.jpg 768w, https:\/\/sofiagreff.com\/wp-content\/uploads\/2023\/08\/IMG_3612-1-1536x1152.jpg 1536w, https:\/\/sofiagreff.com\/wp-content\/uploads\/2023\/08\/IMG_3612-1-2048x1536.jpg 2048w\" sizes=\"auto, (max-width: 706px) 89vw, (max-width: 767px) 82vw, 740px\" \/><\/figure>\n\n\n\n<figure class=\"wp-block-image size-large\"><a href=\"https:\/\/sofiagreff.com\/wp-content\/uploads\/2023\/08\/IMG_20191019_202634-scaled.jpg\" rel=\"https:\/\/sofiagreff.com\/wp-content\/uploads\/2023\/08\/IMG_20191019_202634-scaled.jpg\"><img loading=\"lazy\" decoding=\"async\" width=\"768\" height=\"1024\" data-id=\"271\" src=\"https:\/\/sofiagreff.com\/wp-content\/uploads\/2023\/08\/IMG_20191019_202634-768x1024.jpg\" alt=\"\" class=\"wp-image-271\" srcset=\"https:\/\/sofiagreff.com\/wp-content\/uploads\/2023\/08\/IMG_20191019_202634-768x1024.jpg 768w, https:\/\/sofiagreff.com\/wp-content\/uploads\/2023\/08\/IMG_20191019_202634-225x300.jpg 225w, https:\/\/sofiagreff.com\/wp-content\/uploads\/2023\/08\/IMG_20191019_202634-1152x1536.jpg 1152w, https:\/\/sofiagreff.com\/wp-content\/uploads\/2023\/08\/IMG_20191019_202634-1536x2048.jpg 1536w, https:\/\/sofiagreff.com\/wp-content\/uploads\/2023\/08\/IMG_20191019_202634-1200x1600.jpg 1200w, https:\/\/sofiagreff.com\/wp-content\/uploads\/2023\/08\/IMG_20191019_202634-1860x2480.jpg 1860w, https:\/\/sofiagreff.com\/wp-content\/uploads\/2023\/08\/IMG_20191019_202634-scaled.jpg 1920w\" sizes=\"auto, (max-width: 706px) 89vw, (max-width: 767px) 82vw, 740px\" \/><\/a><\/figure>\n\n\n\n<figure class=\"wp-block-image size-large\"><img loading=\"lazy\" decoding=\"async\" width=\"768\" height=\"1024\" data-id=\"90\" src=\"https:\/\/sofiagreff.com\/wp-content\/uploads\/2023\/08\/IMG_3650-768x1024.jpg\" alt=\"\" class=\"wp-image-90\" srcset=\"https:\/\/sofiagreff.com\/wp-content\/uploads\/2023\/08\/IMG_3650-768x1024.jpg 768w, https:\/\/sofiagreff.com\/wp-content\/uploads\/2023\/08\/IMG_3650-225x300.jpg 225w, https:\/\/sofiagreff.com\/wp-content\/uploads\/2023\/08\/IMG_3650-1152x1536.jpg 1152w, https:\/\/sofiagreff.com\/wp-content\/uploads\/2023\/08\/IMG_3650-1536x2048.jpg 1536w, https:\/\/sofiagreff.com\/wp-content\/uploads\/2023\/08\/IMG_3650-scaled.jpg 1920w\" sizes=\"auto, (max-width: 706px) 89vw, (max-width: 767px) 82vw, 740px\" \/><\/figure>\n\n\n\n<figure class=\"wp-block-image size-large\"><a href=\"https:\/\/sofiagreff.com\/wp-content\/uploads\/2023\/08\/IMG_3661-1-scaled.jpg\" rel=\"https:\/\/sofiagreff.com\/wp-content\/uploads\/2023\/08\/IMG_3661-1-scaled.jpg\"><img loading=\"lazy\" decoding=\"async\" width=\"768\" height=\"1024\" data-id=\"95\" src=\"https:\/\/sofiagreff.com\/wp-content\/uploads\/2023\/08\/IMG_3661-1-768x1024.jpg\" alt=\"\" class=\"wp-image-95\" srcset=\"https:\/\/sofiagreff.com\/wp-content\/uploads\/2023\/08\/IMG_3661-1-768x1024.jpg 768w, https:\/\/sofiagreff.com\/wp-content\/uploads\/2023\/08\/IMG_3661-1-225x300.jpg 225w, https:\/\/sofiagreff.com\/wp-content\/uploads\/2023\/08\/IMG_3661-1-1152x1536.jpg 1152w, https:\/\/sofiagreff.com\/wp-content\/uploads\/2023\/08\/IMG_3661-1-1536x2048.jpg 1536w, https:\/\/sofiagreff.com\/wp-content\/uploads\/2023\/08\/IMG_3661-1-scaled.jpg 1920w\" sizes=\"auto, (max-width: 706px) 89vw, (max-width: 767px) 82vw, 740px\" \/><\/a><\/figure>\n\n\n\n<figure class=\"wp-block-image size-large\"><a href=\"https:\/\/sofiagreff.com\/wp-content\/uploads\/2023\/08\/IMG_20191019_202947-scaled.jpg\" rel=\"https:\/\/sofiagreff.com\/wp-content\/uploads\/2023\/08\/IMG_20191019_202947-scaled.jpg\"><img loading=\"lazy\" decoding=\"async\" width=\"768\" height=\"1024\" data-id=\"272\" src=\"https:\/\/sofiagreff.com\/wp-content\/uploads\/2023\/08\/IMG_20191019_202947-768x1024.jpg\" alt=\"\" class=\"wp-image-272\" srcset=\"https:\/\/sofiagreff.com\/wp-content\/uploads\/2023\/08\/IMG_20191019_202947-768x1024.jpg 768w, https:\/\/sofiagreff.com\/wp-content\/uploads\/2023\/08\/IMG_20191019_202947-225x300.jpg 225w, https:\/\/sofiagreff.com\/wp-content\/uploads\/2023\/08\/IMG_20191019_202947-1152x1536.jpg 1152w, https:\/\/sofiagreff.com\/wp-content\/uploads\/2023\/08\/IMG_20191019_202947-1536x2048.jpg 1536w, https:\/\/sofiagreff.com\/wp-content\/uploads\/2023\/08\/IMG_20191019_202947-1200x1600.jpg 1200w, https:\/\/sofiagreff.com\/wp-content\/uploads\/2023\/08\/IMG_20191019_202947-1860x2480.jpg 1860w, https:\/\/sofiagreff.com\/wp-content\/uploads\/2023\/08\/IMG_20191019_202947-scaled.jpg 1920w\" sizes=\"auto, (max-width: 706px) 89vw, (max-width: 767px) 82vw, 740px\" \/><\/a><\/figure>\n\n\n\n<figure class=\"wp-block-image size-large\"><a href=\"https:\/\/sofiagreff.com\/wp-content\/uploads\/2023\/08\/IMG_3667-scaled.jpg\" rel=\"https:\/\/sofiagreff.com\/wp-content\/uploads\/2023\/08\/IMG_3667-scaled.jpg\"><img loading=\"lazy\" decoding=\"async\" width=\"1024\" height=\"768\" data-id=\"97\" src=\"https:\/\/sofiagreff.com\/wp-content\/uploads\/2023\/08\/IMG_3667-1024x768.jpg\" alt=\"\" class=\"wp-image-97\" srcset=\"https:\/\/sofiagreff.com\/wp-content\/uploads\/2023\/08\/IMG_3667-1024x768.jpg 1024w, https:\/\/sofiagreff.com\/wp-content\/uploads\/2023\/08\/IMG_3667-300x225.jpg 300w, https:\/\/sofiagreff.com\/wp-content\/uploads\/2023\/08\/IMG_3667-768x576.jpg 768w, https:\/\/sofiagreff.com\/wp-content\/uploads\/2023\/08\/IMG_3667-1536x1152.jpg 1536w, https:\/\/sofiagreff.com\/wp-content\/uploads\/2023\/08\/IMG_3667-2048x1536.jpg 2048w\" sizes=\"auto, (max-width: 706px) 89vw, (max-width: 767px) 82vw, 740px\" \/><\/a><\/figure>\n\n\n\n<figure class=\"wp-block-image size-large\"><a href=\"https:\/\/sofiagreff.com\/wp-content\/uploads\/2023\/08\/IMG_20191019_203309-scaled.jpg\" rel=\"https:\/\/sofiagreff.com\/wp-content\/uploads\/2023\/08\/IMG_20191019_203309-scaled.jpg\"><img loading=\"lazy\" decoding=\"async\" width=\"1024\" height=\"768\" data-id=\"273\" src=\"https:\/\/sofiagreff.com\/wp-content\/uploads\/2023\/08\/IMG_20191019_203309-1024x768.jpg\" alt=\"\" class=\"wp-image-273\" srcset=\"https:\/\/sofiagreff.com\/wp-content\/uploads\/2023\/08\/IMG_20191019_203309-1024x768.jpg 1024w, https:\/\/sofiagreff.com\/wp-content\/uploads\/2023\/08\/IMG_20191019_203309-300x225.jpg 300w, https:\/\/sofiagreff.com\/wp-content\/uploads\/2023\/08\/IMG_20191019_203309-768x576.jpg 768w, https:\/\/sofiagreff.com\/wp-content\/uploads\/2023\/08\/IMG_20191019_203309-1536x1152.jpg 1536w, https:\/\/sofiagreff.com\/wp-content\/uploads\/2023\/08\/IMG_20191019_203309-2048x1536.jpg 2048w, https:\/\/sofiagreff.com\/wp-content\/uploads\/2023\/08\/IMG_20191019_203309-1200x900.jpg 1200w, https:\/\/sofiagreff.com\/wp-content\/uploads\/2023\/08\/IMG_20191019_203309-1860x1395.jpg 1860w\" sizes=\"auto, (max-width: 706px) 89vw, (max-width: 767px) 82vw, 740px\" \/><\/a><\/figure>\n\n\n\n<figure class=\"wp-block-image size-large\"><a href=\"https:\/\/sofiagreff.com\/wp-content\/uploads\/2023\/08\/00100lPORTRAIT_00100_BURST20191019203448658_COVER-scaled.jpg\" rel=\"https:\/\/sofiagreff.com\/wp-content\/uploads\/2023\/08\/00100lPORTRAIT_00100_BURST20191019203448658_COVER-scaled.jpg\"><img loading=\"lazy\" decoding=\"async\" width=\"1024\" height=\"768\" data-id=\"84\" src=\"https:\/\/sofiagreff.com\/wp-content\/uploads\/2023\/08\/00100lPORTRAIT_00100_BURST20191019203448658_COVER-1024x768.jpg\" alt=\"\" class=\"wp-image-84\" srcset=\"https:\/\/sofiagreff.com\/wp-content\/uploads\/2023\/08\/00100lPORTRAIT_00100_BURST20191019203448658_COVER-1024x768.jpg 1024w, https:\/\/sofiagreff.com\/wp-content\/uploads\/2023\/08\/00100lPORTRAIT_00100_BURST20191019203448658_COVER-300x225.jpg 300w, https:\/\/sofiagreff.com\/wp-content\/uploads\/2023\/08\/00100lPORTRAIT_00100_BURST20191019203448658_COVER-768x576.jpg 768w, https:\/\/sofiagreff.com\/wp-content\/uploads\/2023\/08\/00100lPORTRAIT_00100_BURST20191019203448658_COVER-1536x1152.jpg 1536w, https:\/\/sofiagreff.com\/wp-content\/uploads\/2023\/08\/00100lPORTRAIT_00100_BURST20191019203448658_COVER-2048x1536.jpg 2048w\" sizes=\"auto, (max-width: 706px) 89vw, (max-width: 767px) 82vw, 740px\" \/><\/a><\/figure>\n\n\n\n<figure class=\"wp-block-image size-large\"><a href=\"https:\/\/sofiagreff.com\/wp-content\/uploads\/2023\/08\/IMG_20191019_203844-scaled.jpg\" rel=\"https:\/\/sofiagreff.com\/wp-content\/uploads\/2023\/08\/IMG_20191019_203844-scaled.jpg\"><img loading=\"lazy\" decoding=\"async\" width=\"1024\" height=\"768\" data-id=\"274\" src=\"https:\/\/sofiagreff.com\/wp-content\/uploads\/2023\/08\/IMG_20191019_203844-1024x768.jpg\" alt=\"\" class=\"wp-image-274\" srcset=\"https:\/\/sofiagreff.com\/wp-content\/uploads\/2023\/08\/IMG_20191019_203844-1024x768.jpg 1024w, https:\/\/sofiagreff.com\/wp-content\/uploads\/2023\/08\/IMG_20191019_203844-300x225.jpg 300w, https:\/\/sofiagreff.com\/wp-content\/uploads\/2023\/08\/IMG_20191019_203844-768x576.jpg 768w, https:\/\/sofiagreff.com\/wp-content\/uploads\/2023\/08\/IMG_20191019_203844-1536x1152.jpg 1536w, https:\/\/sofiagreff.com\/wp-content\/uploads\/2023\/08\/IMG_20191019_203844-2048x1536.jpg 2048w, https:\/\/sofiagreff.com\/wp-content\/uploads\/2023\/08\/IMG_20191019_203844-1200x900.jpg 1200w, https:\/\/sofiagreff.com\/wp-content\/uploads\/2023\/08\/IMG_20191019_203844-1860x1395.jpg 1860w\" sizes=\"auto, (max-width: 706px) 89vw, (max-width: 767px) 82vw, 740px\" \/><\/a><\/figure>\n\n\n\n<figure class=\"wp-block-image size-large\"><a href=\"https:\/\/sofiagreff.com\/wp-content\/uploads\/2023\/08\/IMG_20191019_204345-scaled.jpg\" rel=\"https:\/\/sofiagreff.com\/wp-content\/uploads\/2023\/08\/IMG_20191019_204345-scaled.jpg\"><img loading=\"lazy\" decoding=\"async\" width=\"768\" height=\"1024\" data-id=\"276\" src=\"https:\/\/sofiagreff.com\/wp-content\/uploads\/2023\/08\/IMG_20191019_204345-768x1024.jpg\" alt=\"\" class=\"wp-image-276\" srcset=\"https:\/\/sofiagreff.com\/wp-content\/uploads\/2023\/08\/IMG_20191019_204345-768x1024.jpg 768w, https:\/\/sofiagreff.com\/wp-content\/uploads\/2023\/08\/IMG_20191019_204345-225x300.jpg 225w, https:\/\/sofiagreff.com\/wp-content\/uploads\/2023\/08\/IMG_20191019_204345-1152x1536.jpg 1152w, https:\/\/sofiagreff.com\/wp-content\/uploads\/2023\/08\/IMG_20191019_204345-1536x2048.jpg 1536w, https:\/\/sofiagreff.com\/wp-content\/uploads\/2023\/08\/IMG_20191019_204345-1200x1600.jpg 1200w, https:\/\/sofiagreff.com\/wp-content\/uploads\/2023\/08\/IMG_20191019_204345-1860x2480.jpg 1860w, https:\/\/sofiagreff.com\/wp-content\/uploads\/2023\/08\/IMG_20191019_204345-scaled.jpg 1920w\" sizes=\"auto, (max-width: 706px) 89vw, (max-width: 767px) 82vw, 740px\" \/><\/a><\/figure>\n\n\n\n<figure class=\"wp-block-image size-large\"><a href=\"https:\/\/sofiagreff.com\/wp-content\/uploads\/2023\/08\/IMG_20191019_204354-scaled.jpg\" rel=\"https:\/\/sofiagreff.com\/wp-content\/uploads\/2023\/08\/IMG_20191019_204354-scaled.jpg\"><img loading=\"lazy\" decoding=\"async\" width=\"768\" height=\"1024\" data-id=\"277\" src=\"https:\/\/sofiagreff.com\/wp-content\/uploads\/2023\/08\/IMG_20191019_204354-768x1024.jpg\" alt=\"\" class=\"wp-image-277\" srcset=\"https:\/\/sofiagreff.com\/wp-content\/uploads\/2023\/08\/IMG_20191019_204354-768x1024.jpg 768w, https:\/\/sofiagreff.com\/wp-content\/uploads\/2023\/08\/IMG_20191019_204354-225x300.jpg 225w, https:\/\/sofiagreff.com\/wp-content\/uploads\/2023\/08\/IMG_20191019_204354-1152x1536.jpg 1152w, https:\/\/sofiagreff.com\/wp-content\/uploads\/2023\/08\/IMG_20191019_204354-1536x2048.jpg 1536w, https:\/\/sofiagreff.com\/wp-content\/uploads\/2023\/08\/IMG_20191019_204354-1200x1600.jpg 1200w, https:\/\/sofiagreff.com\/wp-content\/uploads\/2023\/08\/IMG_20191019_204354-1860x2480.jpg 1860w, https:\/\/sofiagreff.com\/wp-content\/uploads\/2023\/08\/IMG_20191019_204354-scaled.jpg 1920w\" sizes=\"auto, (max-width: 706px) 89vw, (max-width: 767px) 82vw, 740px\" \/><\/a><\/figure>\n<\/figure>\n","protected":false},"excerpt":{"rendered":"<p>Performance, Kunstverein Familie Montez, Frankfurt\/M, 2019 Im Rahmend es Projektes Artist Don Quixote, kursiert von Ahmad Rafi Gezielt irrt der Ritter umher und r\u00fcckt die Welt seinem Bild zurecht, um nicht (an gebrochenem Herzen und verlorener Hoffnung) zu sterben. Sein kreativer Kompagnon collagiert beherzt das Abenteuer mit.Gleich dem Dichter und der bescheidenen Reittiere, steht Sofia &hellip; <\/p>\n<p class=\"link-more\"><a href=\"https:\/\/sofiagreff.com\/?page_id=270\" class=\"more-link\"><span class=\"screen-reader-text\">\u201eLogistik sich potentiell widersprechenden Entit\u00e4ten\u201c<\/span> weiterlesen<\/a><\/p>\n","protected":false},"author":1,"featured_media":0,"parent":118,"menu_order":0,"comment_status":"closed","ping_status":"closed","template":"","meta":{"footnotes":""},"class_list":["post-270","page","type-page","status-publish","hentry"],"_links":{"self":[{"href":"https:\/\/sofiagreff.com\/index.php?rest_route=\/wp\/v2\/pages\/270","targetHints":{"allow":["GET"]}}],"collection":[{"href":"https:\/\/sofiagreff.com\/index.php?rest_route=\/wp\/v2\/pages"}],"about":[{"href":"https:\/\/sofiagreff.com\/index.php?rest_route=\/wp\/v2\/types\/page"}],"author":[{"embeddable":true,"href":"https:\/\/sofiagreff.com\/index.php?rest_route=\/wp\/v2\/users\/1"}],"replies":[{"embeddable":true,"href":"https:\/\/sofiagreff.com\/index.php?rest_route=%2Fwp%2Fv2%2Fcomments&post=270"}],"version-history":[{"count":5,"href":"https:\/\/sofiagreff.com\/index.php?rest_route=\/wp\/v2\/pages\/270\/revisions"}],"predecessor-version":[{"id":601,"href":"https:\/\/sofiagreff.com\/index.php?rest_route=\/wp\/v2\/pages\/270\/revisions\/601"}],"up":[{"embeddable":true,"href":"https:\/\/sofiagreff.com\/index.php?rest_route=\/wp\/v2\/pages\/118"}],"wp:attachment":[{"href":"https:\/\/sofiagreff.com\/index.php?rest_route=%2Fwp%2Fv2%2Fmedia&parent=270"}],"curies":[{"name":"wp","href":"https:\/\/api.w.org\/{rel}","templated":true}]}}