{"id":1029,"date":"2023-11-02T20:24:39","date_gmt":"2023-11-02T20:24:39","guid":{"rendered":"https:\/\/sofiagreff.com\/?page_id=1029"},"modified":"2023-11-02T20:36:47","modified_gmt":"2023-11-02T20:36:47","slug":"facetten-einer-stadt","status":"publish","type":"page","link":"https:\/\/sofiagreff.com\/?page_id=1029","title":{"rendered":"FACETTEN EINER STADT"},"content":{"rendered":"\n<p>AUSSTELLUNG IM \u00d6FFENTLICHEN RAUM ZUM STADTJUBIL\u00c4UM<\/p>\n\n\n\n<figure class=\"wp-block-gallery has-nested-images columns-default is-cropped wp-block-gallery-1 is-layout-flex wp-block-gallery-is-layout-flex\"><\/figure>\n\n\n\n<p>Von  Juli 2023&nbsp;  bis Juli 2024 werden im gesamten Buchener Stadtgebiet zeichnerische, gro\u00dfformatige Bilder  installiert. Die Motive daf\u00fcr konnten BewohnerInnen, Institutionen und Unternehmen der Stadt einreichen.<\/p>\n\n\n\n<figure class=\"wp-block-image size-large\"><a href=\"https:\/\/sofiagreff.com\/wp-content\/uploads\/2023\/11\/Maranatha_22-scaled.jpg\"><img loading=\"lazy\" decoding=\"async\" width=\"1024\" height=\"740\" src=\"https:\/\/sofiagreff.com\/wp-content\/uploads\/2023\/11\/Maranatha_22-1024x740.jpg\" alt=\"\" class=\"wp-image-1095\" srcset=\"https:\/\/sofiagreff.com\/wp-content\/uploads\/2023\/11\/Maranatha_22-1024x740.jpg 1024w, https:\/\/sofiagreff.com\/wp-content\/uploads\/2023\/11\/Maranatha_22-300x217.jpg 300w, https:\/\/sofiagreff.com\/wp-content\/uploads\/2023\/11\/Maranatha_22-768x555.jpg 768w, https:\/\/sofiagreff.com\/wp-content\/uploads\/2023\/11\/Maranatha_22-1536x1109.jpg 1536w, https:\/\/sofiagreff.com\/wp-content\/uploads\/2023\/11\/Maranatha_22-2048x1479.jpg 2048w\" sizes=\"auto, (max-width: 706px) 89vw, (max-width: 767px) 82vw, 740px\" \/><\/a><\/figure>\n\n\n\n<figure class=\"wp-block-image size-large\"><a href=\"https:\/\/sofiagreff.com\/wp-content\/uploads\/2023\/11\/MusikFestival_25-Kopie-scaled.jpg\"><img loading=\"lazy\" decoding=\"async\" width=\"1024\" height=\"740\" src=\"https:\/\/sofiagreff.com\/wp-content\/uploads\/2023\/11\/MusikFestival_25-Kopie-1024x740.jpg\" alt=\"\" class=\"wp-image-1097\" srcset=\"https:\/\/sofiagreff.com\/wp-content\/uploads\/2023\/11\/MusikFestival_25-Kopie-1024x740.jpg 1024w, https:\/\/sofiagreff.com\/wp-content\/uploads\/2023\/11\/MusikFestival_25-Kopie-300x217.jpg 300w, https:\/\/sofiagreff.com\/wp-content\/uploads\/2023\/11\/MusikFestival_25-Kopie-768x555.jpg 768w, https:\/\/sofiagreff.com\/wp-content\/uploads\/2023\/11\/MusikFestival_25-Kopie-1536x1109.jpg 1536w, https:\/\/sofiagreff.com\/wp-content\/uploads\/2023\/11\/MusikFestival_25-Kopie-2048x1479.jpg 2048w\" sizes=\"auto, (max-width: 706px) 89vw, (max-width: 767px) 82vw, 740px\" \/><\/a><\/figure>\n\n\n\n<figure class=\"wp-block-image size-large\"><a href=\"https:\/\/sofiagreff.com\/wp-content\/uploads\/2023\/11\/7cb764fa-0823-4f2b-bfc0-5d9958c24b19-2.jpg\"><img loading=\"lazy\" decoding=\"async\" width=\"1024\" height=\"768\" src=\"https:\/\/sofiagreff.com\/wp-content\/uploads\/2023\/11\/7cb764fa-0823-4f2b-bfc0-5d9958c24b19-2.jpg\" alt=\"\" class=\"wp-image-1077\" srcset=\"https:\/\/sofiagreff.com\/wp-content\/uploads\/2023\/11\/7cb764fa-0823-4f2b-bfc0-5d9958c24b19-2.jpg 1024w, https:\/\/sofiagreff.com\/wp-content\/uploads\/2023\/11\/7cb764fa-0823-4f2b-bfc0-5d9958c24b19-2-300x225.jpg 300w, https:\/\/sofiagreff.com\/wp-content\/uploads\/2023\/11\/7cb764fa-0823-4f2b-bfc0-5d9958c24b19-2-768x576.jpg 768w\" sizes=\"auto, (max-width: 706px) 89vw, (max-width: 767px) 82vw, 740px\" \/><\/a><\/figure>\n\n\n\n<figure class=\"wp-block-gallery has-nested-images columns-default is-cropped wp-block-gallery-2 is-layout-flex wp-block-gallery-is-layout-flex\">\n<figure class=\"wp-block-image size-large\"><a href=\"https:\/\/sofiagreff.com\/wp-content\/uploads\/2023\/11\/Rehkidsrettung_42-Kopie-scaled.jpg\"><img loading=\"lazy\" decoding=\"async\" width=\"740\" height=\"1024\" data-id=\"1092\" src=\"https:\/\/sofiagreff.com\/wp-content\/uploads\/2023\/11\/Rehkidsrettung_42-Kopie-740x1024.jpg\" alt=\"\" class=\"wp-image-1092\" srcset=\"https:\/\/sofiagreff.com\/wp-content\/uploads\/2023\/11\/Rehkidsrettung_42-Kopie-740x1024.jpg 740w, https:\/\/sofiagreff.com\/wp-content\/uploads\/2023\/11\/Rehkidsrettung_42-Kopie-217x300.jpg 217w, https:\/\/sofiagreff.com\/wp-content\/uploads\/2023\/11\/Rehkidsrettung_42-Kopie-768x1063.jpg 768w, https:\/\/sofiagreff.com\/wp-content\/uploads\/2023\/11\/Rehkidsrettung_42-Kopie-1109x1536.jpg 1109w, https:\/\/sofiagreff.com\/wp-content\/uploads\/2023\/11\/Rehkidsrettung_42-Kopie-1479x2048.jpg 1479w, https:\/\/sofiagreff.com\/wp-content\/uploads\/2023\/11\/Rehkidsrettung_42-Kopie-scaled.jpg 1849w\" sizes=\"auto, (max-width: 706px) 89vw, (max-width: 767px) 82vw, 740px\" \/><\/a><\/figure>\n\n\n\n<figure class=\"wp-block-image size-large\"><a href=\"https:\/\/sofiagreff.com\/wp-content\/uploads\/2023\/11\/20230709_120345-scaled.jpg\"><img loading=\"lazy\" decoding=\"async\" width=\"461\" height=\"1024\" data-id=\"1072\" src=\"https:\/\/sofiagreff.com\/wp-content\/uploads\/2023\/11\/20230709_120345-461x1024.jpg\" alt=\"\" class=\"wp-image-1072\" srcset=\"https:\/\/sofiagreff.com\/wp-content\/uploads\/2023\/11\/20230709_120345-461x1024.jpg 461w, https:\/\/sofiagreff.com\/wp-content\/uploads\/2023\/11\/20230709_120345-135x300.jpg 135w, https:\/\/sofiagreff.com\/wp-content\/uploads\/2023\/11\/20230709_120345-768x1707.jpg 768w, https:\/\/sofiagreff.com\/wp-content\/uploads\/2023\/11\/20230709_120345-691x1536.jpg 691w, https:\/\/sofiagreff.com\/wp-content\/uploads\/2023\/11\/20230709_120345-922x2048.jpg 922w, https:\/\/sofiagreff.com\/wp-content\/uploads\/2023\/11\/20230709_120345-scaled.jpg 1152w\" sizes=\"auto, (max-width: 461px) 100vw, 461px\" \/><\/a><\/figure>\n\n\n\n<figure class=\"wp-block-image size-large\"><a href=\"https:\/\/sofiagreff.com\/wp-content\/uploads\/2023\/11\/20230709_121220-scaled.jpg\"><img loading=\"lazy\" decoding=\"async\" width=\"1024\" height=\"461\" data-id=\"1073\" src=\"https:\/\/sofiagreff.com\/wp-content\/uploads\/2023\/11\/20230709_121220-1024x461.jpg\" alt=\"\" class=\"wp-image-1073\" srcset=\"https:\/\/sofiagreff.com\/wp-content\/uploads\/2023\/11\/20230709_121220-1024x461.jpg 1024w, https:\/\/sofiagreff.com\/wp-content\/uploads\/2023\/11\/20230709_121220-300x135.jpg 300w, https:\/\/sofiagreff.com\/wp-content\/uploads\/2023\/11\/20230709_121220-768x346.jpg 768w, https:\/\/sofiagreff.com\/wp-content\/uploads\/2023\/11\/20230709_121220-1536x691.jpg 1536w, https:\/\/sofiagreff.com\/wp-content\/uploads\/2023\/11\/20230709_121220-2048x922.jpg 2048w\" sizes=\"auto, (max-width: 706px) 89vw, (max-width: 767px) 82vw, 740px\" \/><\/a><\/figure>\n\n\n\n<figure class=\"wp-block-image size-large\"><a href=\"https:\/\/sofiagreff.com\/wp-content\/uploads\/2023\/11\/1e403edd-dcf3-4a08-bdbe-84628225d24c.jpg\"><img loading=\"lazy\" decoding=\"async\" width=\"1024\" height=\"768\" data-id=\"1078\" src=\"https:\/\/sofiagreff.com\/wp-content\/uploads\/2023\/11\/1e403edd-dcf3-4a08-bdbe-84628225d24c-1024x768.jpg\" alt=\"\" class=\"wp-image-1078\" srcset=\"https:\/\/sofiagreff.com\/wp-content\/uploads\/2023\/11\/1e403edd-dcf3-4a08-bdbe-84628225d24c-1024x768.jpg 1024w, https:\/\/sofiagreff.com\/wp-content\/uploads\/2023\/11\/1e403edd-dcf3-4a08-bdbe-84628225d24c-300x225.jpg 300w, https:\/\/sofiagreff.com\/wp-content\/uploads\/2023\/11\/1e403edd-dcf3-4a08-bdbe-84628225d24c-768x576.jpg 768w, https:\/\/sofiagreff.com\/wp-content\/uploads\/2023\/11\/1e403edd-dcf3-4a08-bdbe-84628225d24c-1536x1152.jpg 1536w, https:\/\/sofiagreff.com\/wp-content\/uploads\/2023\/11\/1e403edd-dcf3-4a08-bdbe-84628225d24c.jpg 2016w\" sizes=\"auto, (max-width: 706px) 89vw, (max-width: 767px) 82vw, 740px\" \/><\/a><\/figure>\n\n\n\n<figure class=\"wp-block-image size-large\"><a href=\"https:\/\/sofiagreff.com\/wp-content\/uploads\/2023\/11\/8ec8c331-9ec6-45e5-8678-03640bd57181-2.jpg\"><img loading=\"lazy\" decoding=\"async\" width=\"768\" height=\"1024\" data-id=\"1081\" src=\"https:\/\/sofiagreff.com\/wp-content\/uploads\/2023\/11\/8ec8c331-9ec6-45e5-8678-03640bd57181-2.jpg\" alt=\"\" class=\"wp-image-1081\" srcset=\"https:\/\/sofiagreff.com\/wp-content\/uploads\/2023\/11\/8ec8c331-9ec6-45e5-8678-03640bd57181-2.jpg 768w, https:\/\/sofiagreff.com\/wp-content\/uploads\/2023\/11\/8ec8c331-9ec6-45e5-8678-03640bd57181-2-225x300.jpg 225w\" sizes=\"auto, (max-width: 706px) 89vw, (max-width: 767px) 82vw, 740px\" \/><\/a><\/figure>\n\n\n\n<figure class=\"wp-block-image size-large\"><a href=\"https:\/\/sofiagreff.com\/wp-content\/uploads\/2023\/11\/46a38d5c-dffc-46f0-8371-250aa7d1d5a2.jpg\"><img loading=\"lazy\" decoding=\"async\" width=\"768\" height=\"1024\" data-id=\"1082\" src=\"https:\/\/sofiagreff.com\/wp-content\/uploads\/2023\/11\/46a38d5c-dffc-46f0-8371-250aa7d1d5a2.jpg\" alt=\"\" class=\"wp-image-1082\" srcset=\"https:\/\/sofiagreff.com\/wp-content\/uploads\/2023\/11\/46a38d5c-dffc-46f0-8371-250aa7d1d5a2.jpg 768w, https:\/\/sofiagreff.com\/wp-content\/uploads\/2023\/11\/46a38d5c-dffc-46f0-8371-250aa7d1d5a2-225x300.jpg 225w\" sizes=\"auto, (max-width: 706px) 89vw, (max-width: 767px) 82vw, 740px\" \/><\/a><\/figure>\n\n\n\n<figure class=\"wp-block-image size-large\"><a href=\"https:\/\/sofiagreff.com\/wp-content\/uploads\/2023\/11\/fda51fd8-24cc-446d-894b-5b8d436df62c-2.jpg\"><img loading=\"lazy\" decoding=\"async\" width=\"768\" height=\"1024\" data-id=\"1083\" src=\"https:\/\/sofiagreff.com\/wp-content\/uploads\/2023\/11\/fda51fd8-24cc-446d-894b-5b8d436df62c-2.jpg\" alt=\"\" class=\"wp-image-1083\" srcset=\"https:\/\/sofiagreff.com\/wp-content\/uploads\/2023\/11\/fda51fd8-24cc-446d-894b-5b8d436df62c-2.jpg 768w, https:\/\/sofiagreff.com\/wp-content\/uploads\/2023\/11\/fda51fd8-24cc-446d-894b-5b8d436df62c-2-225x300.jpg 225w\" sizes=\"auto, (max-width: 706px) 89vw, (max-width: 767px) 82vw, 740px\" \/><\/a><\/figure>\n\n\n\n<figure class=\"wp-block-image size-large\"><a href=\"https:\/\/sofiagreff.com\/wp-content\/uploads\/2023\/11\/GruenesHaus_35-Kopie-scaled.jpg\"><img loading=\"lazy\" decoding=\"async\" width=\"740\" height=\"1024\" data-id=\"1089\" src=\"https:\/\/sofiagreff.com\/wp-content\/uploads\/2023\/11\/GruenesHaus_35-Kopie-740x1024.jpg\" alt=\"\" class=\"wp-image-1089\" srcset=\"https:\/\/sofiagreff.com\/wp-content\/uploads\/2023\/11\/GruenesHaus_35-Kopie-740x1024.jpg 740w, https:\/\/sofiagreff.com\/wp-content\/uploads\/2023\/11\/GruenesHaus_35-Kopie-217x300.jpg 217w, https:\/\/sofiagreff.com\/wp-content\/uploads\/2023\/11\/GruenesHaus_35-Kopie-768x1063.jpg 768w, https:\/\/sofiagreff.com\/wp-content\/uploads\/2023\/11\/GruenesHaus_35-Kopie-1109x1536.jpg 1109w, https:\/\/sofiagreff.com\/wp-content\/uploads\/2023\/11\/GruenesHaus_35-Kopie-1479x2048.jpg 1479w, https:\/\/sofiagreff.com\/wp-content\/uploads\/2023\/11\/GruenesHaus_35-Kopie-scaled.jpg 1849w\" sizes=\"auto, (max-width: 706px) 89vw, (max-width: 767px) 82vw, 740px\" \/><\/a><\/figure>\n\n\n\n<figure class=\"wp-block-image size-large\"><a href=\"https:\/\/sofiagreff.com\/wp-content\/uploads\/2023\/11\/29bcf7ae-48b8-4037-809c-76e5144265a1.jpg\"><img loading=\"lazy\" decoding=\"async\" width=\"768\" height=\"1024\" data-id=\"1085\" src=\"https:\/\/sofiagreff.com\/wp-content\/uploads\/2023\/11\/29bcf7ae-48b8-4037-809c-76e5144265a1-768x1024.jpg\" alt=\"\" class=\"wp-image-1085\" srcset=\"https:\/\/sofiagreff.com\/wp-content\/uploads\/2023\/11\/29bcf7ae-48b8-4037-809c-76e5144265a1-768x1024.jpg 768w, https:\/\/sofiagreff.com\/wp-content\/uploads\/2023\/11\/29bcf7ae-48b8-4037-809c-76e5144265a1-225x300.jpg 225w, https:\/\/sofiagreff.com\/wp-content\/uploads\/2023\/11\/29bcf7ae-48b8-4037-809c-76e5144265a1-1152x1536.jpg 1152w, https:\/\/sofiagreff.com\/wp-content\/uploads\/2023\/11\/29bcf7ae-48b8-4037-809c-76e5144265a1.jpg 1200w\" sizes=\"auto, (max-width: 706px) 89vw, (max-width: 767px) 82vw, 740px\" \/><\/a><\/figure>\n\n\n\n<figure class=\"wp-block-image size-large\"><a href=\"https:\/\/sofiagreff.com\/wp-content\/uploads\/2023\/11\/c8e406ca-eb8b-48ab-908f-9019836b9c12.jpg\"><img decoding=\"async\" data-id=\"1086\" src=\"https:\/\/sofiagreff.com\/wp-content\/uploads\/2023\/11\/c8e406ca-eb8b-48ab-908f-9019836b9c12.jpg\" alt=\"\" class=\"wp-image-1086\"\/><\/a><\/figure>\n\n\n\n<figure class=\"wp-block-image size-large\"><a href=\"https:\/\/sofiagreff.com\/wp-content\/uploads\/2023\/11\/SchadenserviceBischof_29-Kopie-scaled.jpg\"><img loading=\"lazy\" decoding=\"async\" width=\"740\" height=\"1024\" data-id=\"1088\" src=\"https:\/\/sofiagreff.com\/wp-content\/uploads\/2023\/11\/SchadenserviceBischof_29-Kopie-740x1024.jpg\" alt=\"\" class=\"wp-image-1088\" srcset=\"https:\/\/sofiagreff.com\/wp-content\/uploads\/2023\/11\/SchadenserviceBischof_29-Kopie-740x1024.jpg 740w, https:\/\/sofiagreff.com\/wp-content\/uploads\/2023\/11\/SchadenserviceBischof_29-Kopie-217x300.jpg 217w, https:\/\/sofiagreff.com\/wp-content\/uploads\/2023\/11\/SchadenserviceBischof_29-Kopie-768x1063.jpg 768w, https:\/\/sofiagreff.com\/wp-content\/uploads\/2023\/11\/SchadenserviceBischof_29-Kopie-1109x1536.jpg 1109w, https:\/\/sofiagreff.com\/wp-content\/uploads\/2023\/11\/SchadenserviceBischof_29-Kopie-1479x2048.jpg 1479w, https:\/\/sofiagreff.com\/wp-content\/uploads\/2023\/11\/SchadenserviceBischof_29-Kopie-scaled.jpg 1849w\" sizes=\"auto, (max-width: 706px) 89vw, (max-width: 767px) 82vw, 740px\" \/><\/a><\/figure>\n\n\n\n<figure class=\"wp-block-image size-large\"><a href=\"https:\/\/sofiagreff.com\/wp-content\/uploads\/2023\/11\/StAnnaKapelle_40-Kopie-scaled.jpg\"><img loading=\"lazy\" decoding=\"async\" width=\"740\" height=\"1024\" data-id=\"1091\" src=\"https:\/\/sofiagreff.com\/wp-content\/uploads\/2023\/11\/StAnnaKapelle_40-Kopie-740x1024.jpg\" alt=\"\" class=\"wp-image-1091\" srcset=\"https:\/\/sofiagreff.com\/wp-content\/uploads\/2023\/11\/StAnnaKapelle_40-Kopie-740x1024.jpg 740w, https:\/\/sofiagreff.com\/wp-content\/uploads\/2023\/11\/StAnnaKapelle_40-Kopie-217x300.jpg 217w, https:\/\/sofiagreff.com\/wp-content\/uploads\/2023\/11\/StAnnaKapelle_40-Kopie-768x1063.jpg 768w, https:\/\/sofiagreff.com\/wp-content\/uploads\/2023\/11\/StAnnaKapelle_40-Kopie-1109x1536.jpg 1109w, https:\/\/sofiagreff.com\/wp-content\/uploads\/2023\/11\/StAnnaKapelle_40-Kopie-1479x2048.jpg 1479w, https:\/\/sofiagreff.com\/wp-content\/uploads\/2023\/11\/StAnnaKapelle_40-Kopie-scaled.jpg 1849w\" sizes=\"auto, (max-width: 706px) 89vw, (max-width: 767px) 82vw, 740px\" \/><\/a><\/figure>\n\n\n\n<figure class=\"wp-block-image size-large\"><a href=\"https:\/\/sofiagreff.com\/wp-content\/uploads\/2023\/11\/Calestenics_37-Kopie-scaled.jpg\"><img loading=\"lazy\" decoding=\"async\" width=\"740\" height=\"1024\" data-id=\"1090\" src=\"https:\/\/sofiagreff.com\/wp-content\/uploads\/2023\/11\/Calestenics_37-Kopie-740x1024.jpg\" alt=\"\" class=\"wp-image-1090\" srcset=\"https:\/\/sofiagreff.com\/wp-content\/uploads\/2023\/11\/Calestenics_37-Kopie-740x1024.jpg 740w, https:\/\/sofiagreff.com\/wp-content\/uploads\/2023\/11\/Calestenics_37-Kopie-217x300.jpg 217w, https:\/\/sofiagreff.com\/wp-content\/uploads\/2023\/11\/Calestenics_37-Kopie-768x1063.jpg 768w, https:\/\/sofiagreff.com\/wp-content\/uploads\/2023\/11\/Calestenics_37-Kopie-1109x1536.jpg 1109w, https:\/\/sofiagreff.com\/wp-content\/uploads\/2023\/11\/Calestenics_37-Kopie-1479x2048.jpg 1479w, https:\/\/sofiagreff.com\/wp-content\/uploads\/2023\/11\/Calestenics_37-Kopie-scaled.jpg 1849w\" sizes=\"auto, (max-width: 706px) 89vw, (max-width: 767px) 82vw, 740px\" \/><\/a><\/figure>\n\n\n\n<figure class=\"wp-block-image size-large\"><a href=\"https:\/\/sofiagreff.com\/wp-content\/uploads\/2023\/11\/09198ae6-9140-4589-9d58-efcc8a329cbd-2.jpg\"><img loading=\"lazy\" decoding=\"async\" width=\"768\" height=\"1024\" data-id=\"1084\" src=\"https:\/\/sofiagreff.com\/wp-content\/uploads\/2023\/11\/09198ae6-9140-4589-9d58-efcc8a329cbd-2.jpg\" alt=\"\" class=\"wp-image-1084\" srcset=\"https:\/\/sofiagreff.com\/wp-content\/uploads\/2023\/11\/09198ae6-9140-4589-9d58-efcc8a329cbd-2.jpg 768w, https:\/\/sofiagreff.com\/wp-content\/uploads\/2023\/11\/09198ae6-9140-4589-9d58-efcc8a329cbd-2-225x300.jpg 225w\" sizes=\"auto, (max-width: 706px) 89vw, (max-width: 767px) 82vw, 740px\" \/><\/a><\/figure>\n<\/figure>\n\n\n\n<figure class=\"wp-block-image size-full\"><a href=\"https:\/\/sofiagreff.com\/wp-content\/uploads\/2023\/10\/Schreiber_und_Grimm-1.pdf\"><img decoding=\"async\" src=\"https:\/\/sofiagreff.com\/wp-content\/uploads\/2023\/10\/Schreiber_und_Grimm-1.pdf\" alt=\"\" class=\"wp-image-1034\"\/><\/a><\/figure>\n","protected":false},"excerpt":{"rendered":"<p>AUSSTELLUNG IM \u00d6FFENTLICHEN RAUM ZUM STADTJUBIL\u00c4UM Von Juli 2023&nbsp; bis Juli 2024 werden im gesamten Buchener Stadtgebiet zeichnerische, gro\u00dfformatige Bilder installiert. Die Motive daf\u00fcr konnten BewohnerInnen, Institutionen und Unternehmen der Stadt einreichen.<\/p>\n","protected":false},"author":1,"featured_media":0,"parent":0,"menu_order":0,"comment_status":"closed","ping_status":"closed","template":"","meta":{"footnotes":""},"class_list":["post-1029","page","type-page","status-publish","hentry"],"_links":{"self":[{"href":"https:\/\/sofiagreff.com\/index.php?rest_route=\/wp\/v2\/pages\/1029","targetHints":{"allow":["GET"]}}],"collection":[{"href":"https:\/\/sofiagreff.com\/index.php?rest_route=\/wp\/v2\/pages"}],"about":[{"href":"https:\/\/sofiagreff.com\/index.php?rest_route=\/wp\/v2\/types\/page"}],"author":[{"embeddable":true,"href":"https:\/\/sofiagreff.com\/index.php?rest_route=\/wp\/v2\/users\/1"}],"replies":[{"embeddable":true,"href":"https:\/\/sofiagreff.com\/index.php?rest_route=%2Fwp%2Fv2%2Fcomments&post=1029"}],"version-history":[{"count":4,"href":"https:\/\/sofiagreff.com\/index.php?rest_route=\/wp\/v2\/pages\/1029\/revisions"}],"predecessor-version":[{"id":1100,"href":"https:\/\/sofiagreff.com\/index.php?rest_route=\/wp\/v2\/pages\/1029\/revisions\/1100"}],"wp:attachment":[{"href":"https:\/\/sofiagreff.com\/index.php?rest_route=%2Fwp%2Fv2%2Fmedia&parent=1029"}],"curies":[{"name":"wp","href":"https:\/\/api.w.org\/{rel}","templated":true}]}}